{"id":26238,"date":"2021-03-25T10:48:45","date_gmt":"2021-03-25T10:48:45","guid":{"rendered":"https:\/\/core-scientific.com\/fr\/?page_id=26238"},"modified":"2021-06-22T16:43:57","modified_gmt":"2021-06-22T16:43:57","slug":"consultation-gratuite","status":"publish","type":"page","link":"https:\/\/core-scientific.com\/fr\/consultation-gratuite\/","title":{"rendered":"Consultation Gratuite"},"content":{"rendered":"<p>[vc_row css=&#8221;.vc_custom_1458198549877{margin-bottom: 0px !important;}&#8221;][vc_column][vc_column_text css_animation=&#8221;bottom-to-top&#8221;]<\/p>\n<h2 class=\"elegant-special-heading-title\" style=\"text-align: center;\" data-inline-fontsize=\"true\" data-inline-lineheight=\"true\" data-fontsize=\"55\" data-lineheight=\"68\">CONTACTEZ-NOUS! CONSULTATION GRATUITE<\/h2>\n<div class=\"elegant-special-heading special-heading-align-center\">\n<div class=\"elegant-special-heading-wrapper\">\n<p class=\"elegant-special-heading-description\" style=\"text-align: center;\"><span style=\"font-weight: 400;\">Contactez nos experts chaleureux et professionnels<\/span><\/p>\n<\/div>\n<\/div>\n<p>[\/vc_column_text][vc_row_inner][vc_column_inner offset=&#8221;vc_hidden-xs&#8221;]<div class=\"clearboth\"><\/div><div class=\"gem-divider \" style=\"margin-top: 75px;\"><\/div><div role=\"form\" class=\"wpcf7\" id=\"wpcf7-f26236-o1\" lang=\"en-US\" dir=\"ltr\">\n<div class=\"screen-reader-response\"><p role=\"status\" aria-live=\"polite\" aria-atomic=\"true\"><\/p> <ul><\/ul><\/div>\n<form action=\"\/fr\/wp-json\/wp\/v2\/pages\/26238#wpcf7-f26236-o1\" method=\"post\" class=\"wpcf7-form init\" novalidate=\"novalidate\" data-status=\"init\">\n<div style=\"display: none;\">\n<input type=\"hidden\" name=\"_wpcf7\" value=\"26236\" \/>\n<input type=\"hidden\" name=\"_wpcf7_version\" value=\"5.6\" \/>\n<input type=\"hidden\" name=\"_wpcf7_locale\" value=\"en_US\" \/>\n<input type=\"hidden\" name=\"_wpcf7_unit_tag\" value=\"wpcf7-f26236-o1\" \/>\n<input type=\"hidden\" name=\"_wpcf7_container_post\" value=\"0\" \/>\n<input type=\"hidden\" name=\"_wpcf7_posted_data_hash\" value=\"\" \/>\n<\/div>\n<div class=\"row\">\n<div class=\"form-line col-lg-4 col-md-4 col-xs-12\">\n<div class=\"gem-form-icon-name\"><span class=\"wpcf7-form-control-wrap\" data-name=\"your-name\"><input type=\"text\" name=\"your-name\" value=\"\" size=\"40\" class=\"wpcf7-form-control wpcf7-text wpcf7-validates-as-required\" aria-required=\"true\" aria-invalid=\"false\" placeholder=\"Pr\u00e9nom*\" \/><\/span><\/div>\n<\/div>\n<div class=\"form-line col-lg-4 col-md-4 col-xs-12\">\n<div class=\"\"><span class=\"wpcf7-form-control-wrap\" data-name=\"your-lastname\"><input type=\"text\" name=\"your-lastname\" value=\"\" size=\"40\" class=\"wpcf7-form-control wpcf7-text wpcf7-validates-as-required\" aria-required=\"true\" aria-invalid=\"false\" placeholder=\"Nom de famille*\" \/><\/span><\/div>\n<\/div>\n<div class=\"form-line col-lg-4 col-md-4 col-xs-12\">\n<div class=\"gem-form-icon-email\"><span class=\"wpcf7-form-control-wrap\" data-name=\"your-email\"><input type=\"text\" name=\"your-email\" value=\"\" size=\"40\" class=\"wpcf7-form-control wpcf7-text\" aria-invalid=\"false\" placeholder=\"Courriel*\" \/><\/span><\/div>\n<\/div>\n<div class=\"form-line col-lg-4 col-md-4 col-xs-12\">\n<div class=\"gem-form-icon-name\"><span class=\"wpcf7-form-control-wrap\" data-name=\"company-name\"><input type=\"text\" name=\"company-name\" value=\"\" size=\"40\" class=\"wpcf7-form-control wpcf7-text\" aria-invalid=\"false\" placeholder=\"Nom de l\u2019entreprise\" \/><\/span><\/div>\n<\/div>\n<div class=\"form-line col-lg-4 col-md-4 col-xs-12\">\n<div ><span class=\"wpcf7-form-control-wrap\" data-name=\"your-phone\"><input type=\"text\" name=\"your-phone\" value=\"\" size=\"40\" class=\"wpcf7-form-control wpcf7-text wpcf7-validates-as-required\" aria-required=\"true\" aria-invalid=\"false\" placeholder=\"T\u00e9l\u00e9phone*\" \/><\/span><\/div>\n<\/div>\n<div class=\"form-line col-lg-4 col-md-4 col-xs-12\">\n<div class=\"gem-form-icon-website\"><span class=\"wpcf7-form-control-wrap\" data-name=\"your-website\"><input type=\"text\" name=\"your-website\" value=\"\" size=\"40\" class=\"wpcf7-form-control wpcf7-text\" aria-invalid=\"false\" placeholder=\"Site Web\" \/><\/span><\/div>\n<\/div>\n<div class=\"form-line col-lg-12 col-md-12 col-xs-12\">\n<div><span class=\"wpcf7-form-control-wrap\" data-name=\"subject\"><input type=\"text\" name=\"subject\" value=\"\" size=\"40\" class=\"wpcf7-form-control wpcf7-text wpcf7-validates-as-required\" aria-required=\"true\" aria-invalid=\"false\" placeholder=\"Sujet*\" \/><\/span><\/div>\n<\/div>\n<div class=\"form-line col-lg-12 col-md-12 col-xs-12\"><span class=\"wpcf7-form-control-wrap\" data-name=\"your-message\"><textarea name=\"your-message\" cols=\"40\" rows=\"10\" class=\"wpcf7-form-control wpcf7-textarea\" aria-invalid=\"false\" placeholder=\"Message\"><\/textarea><\/span><\/div>\n<div class=\"form-line col-lg-4 col-md-4 col-xs-12\"> Ins\u00e9rez le code: <input type=\"hidden\" name=\"_wpcf7_captcha_challenge_captcha-170\" value=\"2096259828\" \/><img class=\"wpcf7-form-control wpcf7-captchac wpcf7-captcha-captcha-170\" width=\"72\" height=\"24\" alt=\"captcha\" src=\"https:\/\/core-scientific.com\/fr\/wp-content\/uploads\/wpcf7_captcha\/2096259828.png\" \/><br \/>\n<span class=\"wpcf7-form-control-wrap\" data-name=\"captcha-170\"><input type=\"text\" name=\"captcha-170\" value=\"\" size=\"4\" maxlength=\"4\" class=\"wpcf7-form-control wpcf7-captchar\" autocomplete=\"off\" aria-invalid=\"false\" \/><\/span><\/div>\n<div class=\"col-lg-12 col-md-12 col-xs-12\"><input type=\"submit\" value=\"CONSULTATION GRATUITE\" class=\"wpcf7-form-control wpcf7-submit\" \/><\/div>\n<\/div>\n<div class=\"wpcf7-response-output\" aria-hidden=\"true\"><\/div><\/form><\/div><div class=\"clearboth\"><\/div><div class=\"gem-divider \" style=\"margin-top: 40px;\"><\/div>[\/vc_column_inner][\/vc_row_inner][vc_row_inner equal_height=&#8221;yes&#8221; el_class=&#8221;h_row&#8221;][vc_column_inner width=&#8221;1\/3&#8243; css=&#8221;.vc_custom_1590592637615{padding-right: 0px !important;padding-left: 0px !important;background-color: #c16235 !important;}&#8221;]<div class=\"lazy-loading\" data-ll-item-delay=\"0\"><div class=\"gem-textbox  lazy-loading-item centered-box\"  data-ll-effect=\"move-up\" ><div class=\"gem-textbox-inner\" style=\"\"><div class=\"gem-textbox-content\" style=\"background-position: center top;padding-top: 43px;padding-bottom: 47px;\"><div class=\"centered-box\"><div class=\"gem-icon gem-icon-pack-elegant gem-icon-size-medium  gem-icon-shape-square gem-simple-icon\"  style=\"opacity: 1;\"><div class=\"gem-icon-inner\" style=\"\"><span class=\"gem-icon-half-1\" style=\"color: #ffffff;\"><span class=\"back-angle\">&#xe01d;<\/span><\/span><span class=\"gem-icon-half-2\" style=\"color: #ffffff;\"><span class=\"back-angle\">&#xe01d;<\/span><\/span><\/div><\/div><\/div><div class=\"clearboth\"><\/div><div class=\"gem-divider \" style=\"margin-top: 30px;\"><\/div>[vc_column_text]<\/p>\n<div class=\"title-h5\" style=\"text-align: center;\"><span class=\"light\" style=\"color: #ffffff;\">addresse<\/span><\/div>\n<p>[\/vc_column_text]<div class=\"clearboth\"><\/div><div class=\"gem-divider \" style=\"margin-top: 10px;\"><\/div>[vc_column_text]<\/p>\n<div style=\"text-align: center;\"><span class=\"light\" style=\"color: #ffffff;\">700 Industrial Drive, Suite K<br \/>\nCary, IL 60013<\/span><\/div>\n<p>[\/vc_column_text]<\/div><\/div><\/div><\/div>[\/vc_column_inner][vc_column_inner width=&#8221;1\/3&#8243; css=&#8221;.vc_custom_1590592654842{background-color: #448666 !important;}&#8221;]<div class=\"lazy-loading\" data-ll-item-delay=\"0\"><div class=\"gem-textbox  lazy-loading-item centered-box\"  data-ll-effect=\"move-up\" ><div class=\"gem-textbox-inner\" style=\"\"><div class=\"gem-textbox-content\" style=\"background-position: center top;padding-top: 43px;padding-bottom: 47px;\"><div class=\"centered-box\"><div class=\"gem-icon gem-icon-pack-elegant gem-icon-size-medium  gem-icon-shape-square gem-simple-icon\"  style=\"opacity: 1;\"><div class=\"gem-icon-inner\" style=\"\"><span class=\"gem-icon-half-1\" style=\"color: #ffffff;\"><span class=\"back-angle\">&#xe027;<\/span><\/span><span class=\"gem-icon-half-2\" style=\"color: #ffffff;\"><span class=\"back-angle\">&#xe027;<\/span><\/span><\/div><\/div><\/div><div class=\"clearboth\"><\/div><div class=\"gem-divider \" style=\"margin-top: 30px;\"><\/div>[vc_column_text]<\/p>\n<div class=\"title-h5\" style=\"text-align: center;\"><span class=\"light\" style=\"color: #ffffff;\">T\u00e9l\u00e9phone<\/span><\/div>\n<p>[\/vc_column_text]<div class=\"clearboth\"><\/div><div class=\"gem-divider \" style=\"margin-top: 10px;\"><\/div>[vc_column_text]<\/p>\n<div style=\"text-align: center; visibility: hidden;\">word<\/div>\n<div style=\"text-align: center;\"><span class=\"light\" style=\"color: #ffffff;\">(866) 660 4631<\/span><\/div>\n<p>[\/vc_column_text]<\/div><\/div><\/div><\/div>[\/vc_column_inner][vc_column_inner width=&#8221;1\/3&#8243; css=&#8221;.vc_custom_1585320812883{margin-right: 10px !important;background-color: #eef3f1 !important;}&#8221;]<div class=\"clearboth\"><\/div><div class=\"gem-divider \" style=\"margin-top: 10px;\"><\/div>[vc_column_text]<\/p>\n<h2 style=\"font-size: 30px; text-align: center;\">OU COMMENCEZ D\u00c8S MAINTENANT<\/h2>\n<p>[\/vc_column_text]<div class=\"clearboth\"><\/div><div class=\"gem-divider \" style=\"margin-top: 30px;\"><\/div><div class=\"gem-button-container gem-button-position-center thegem-button-69d117dd1d9948858\" ><a title=\"Request A Container\" class=\"gem-button gem-button-size-medium gem-button-style-flat gem-button-text-weight-normal\" style=\"border-radius: 3px;background-color: #448666;\" onmouseleave=\"this.style.backgroundColor='#448666';\" onmouseenter=\"this.style.backgroundColor='#dd9933';\" href=\"https:\/\/core-scientific.com\/fr\/request-a-container\/\" target=\"_self\">Demander un conteneur<\/a><\/div> <div class=\"clearboth\"><\/div><div class=\"gem-divider \" style=\"margin-top: 60px;\"><\/div>[\/vc_column_inner][\/vc_row_inner][\/vc_column][\/vc_row][vc_row css=&#8221;.vc_custom_1542290317933{margin-top: 0px !important;margin-bottom: 0px !important;padding-top: 0px !important;padding-bottom: 0px !important;}&#8221;][vc_column]<div id=\"fullwidth-block-69d117dd1da0b\" class=\"fullwidth-block clearfix\"  style=\"background-color: #eef3f1;\"><script type=\"text\/javascript\">if (typeof(gem_fix_fullwidth_position) == \"function\") { gem_fix_fullwidth_position(document.getElementById(\"fullwidth-block-69d117dd1da0b\")); }<\/script><div class=\"fullwidth-block-inner\"><div class=\"container\">[vc_row_inner][vc_column_inner]<div class=\"clearboth\"><\/div><div class=\"gem-divider \" style=\"margin-top: 60px;\"><\/div>[\/vc_column_inner][vc_column_inner width=&#8221;1\/2&#8243; offset=&#8221;vc_col-lg-3 vc_col-xs-12&#8243;]<div class=\"lazy-loading\" data-ll-item-delay=\"0\"><div class=\"gem-textbox  lazy-loading-item centered-box\"  data-ll-effect=\"move-up\" ><div class=\"gem-textbox-inner\" style=\"\"><div class=\"gem-textbox-content\" style=\"background-color: #ffffff;background-position: center center;\"><div class=\"clearboth\"><\/div><div class=\"gem-divider \" style=\"margin-top: 30px;\"><\/div><div class=\"centered-box\"><div class=\"gem-icon gem-icon-pack-material gem-icon-size-medium  gem-icon-shape-circle\"  style=\"border-color: #c16336;opacity: 1;\"><div class=\"gem-icon-inner\" style=\"background-color: #c16336;\"><span class=\"gem-icon-half-1\" style=\"color: #ffffff;\"><span class=\"back-angle\">&#xf1cf;<\/span><\/span><span class=\"gem-icon-half-2\" style=\"color: #ffffff;\"><span class=\"back-angle\">&#xf1cf;<\/span><\/span><\/div><\/div><\/div><div class=\"clearboth\"><\/div><div class=\"gem-divider \" style=\"margin-top: 30px;\"><\/div>[vc_column_text css=&#8221;.vc_custom_1624378352872{background-color: #ffffff !important;}&#8221;]<\/p>\n<h5 style=\"text-align: center;\">DANS 2 \u00c0 3 JOURS OUVRABLES<\/h5>\n<p>[\/vc_column_text]<\/div><\/div><div class=\"gem-textbox-bottom gem-textbox-bottom-flag\"><svg viewBox=\"0 0 1000 20\" preserveAspectRatio=\"none\" width=\"100%\" height=\"20\" style=\"fill: #ffffff;\"><path d=\"M 0,-0.5 0,20 500,0 1000,20 1000,-0.5\" \/><\/svg><\/div><\/div><\/div>[\/vc_column_inner][vc_column_inner width=&#8221;1\/2&#8243; offset=&#8221;vc_col-lg-3 vc_col-xs-12&#8243;]<div class=\"lazy-loading\" data-ll-item-delay=\"0\"><div class=\"gem-textbox  lazy-loading-item centered-box\"  data-ll-effect=\"move-up\" ><div class=\"gem-textbox-inner\" style=\"\"><div class=\"gem-textbox-content\" style=\"background-color: #ffffff;background-position: center center;\"><div class=\"clearboth\"><\/div><div class=\"gem-divider \" style=\"margin-top: 30px;\"><\/div><div class=\"centered-box\"><div class=\"gem-icon gem-icon-pack-material gem-icon-size-medium  gem-icon-shape-circle\"  style=\"border-color: #c16336;opacity: 1;\"><div class=\"gem-icon-inner\" style=\"background-color: #c16336;\"><span class=\"gem-icon-half-1\" style=\"color: #ffffff;\"><span class=\"back-angle\">&#xf198;<\/span><\/span><span class=\"gem-icon-half-2\" style=\"color: #ffffff;\"><span class=\"back-angle\">&#xf198;<\/span><\/span><\/div><\/div><\/div><div class=\"clearboth\"><\/div><div class=\"gem-divider \" style=\"margin-top: 30px;\"><\/div>[vc_column_text]<\/p>\n<h5 style=\"text-align: center;\">UNE TECHNOLOGIE ET DES M\u00c9THODES DE RAFFINAGE DE POINTE<\/h5>\n<p>[\/vc_column_text]<\/div><\/div><div class=\"gem-textbox-bottom gem-textbox-bottom-flag\"><svg viewBox=\"0 0 1000 20\" preserveAspectRatio=\"none\" width=\"100%\" height=\"20\" style=\"fill: #ffffff;\"><path d=\"M 0,-0.5 0,20 500,0 1000,20 1000,-0.5\" \/><\/svg><\/div><\/div><\/div>[\/vc_column_inner][vc_column_inner width=&#8221;1\/2&#8243; offset=&#8221;vc_col-lg-3 vc_col-xs-12&#8243;]<div class=\"lazy-loading\" data-ll-item-delay=\"0\"><div class=\"gem-textbox  lazy-loading-item centered-box\"  data-ll-effect=\"move-up\" ><div class=\"gem-textbox-inner\" style=\"\"><div class=\"gem-textbox-content\" style=\"background-color: #ffffff;background-position: center top;\"><div class=\"clearboth\"><\/div><div class=\"gem-divider \" style=\"margin-top: 30px;\"><\/div><div class=\"centered-box\"><div class=\"gem-icon gem-icon-pack-material gem-icon-size-medium  gem-icon-shape-circle\"  style=\"border-color: #c16336;opacity: 1;\"><div class=\"gem-icon-inner\" style=\"background-color: #c16336;\"><span class=\"gem-icon-half-1\" style=\"color: #ffffff;\"><span class=\"back-angle\">&#xf265;<\/span><\/span><span class=\"gem-icon-half-2\" style=\"color: #ffffff;\"><span class=\"back-angle\">&#xf265;<\/span><\/span><\/div><\/div><\/div><div class=\"clearboth\"><\/div><div class=\"gem-divider \" style=\"margin-top: 30px;\"><\/div>[vc_column_text]<\/p>\n<h5 style=\"text-align: center;\">R\u00c9CUP\u00c9RER LA PLUPART DES M\u00c9TAUX PR\u00c9CIEUX<\/h5>\n<p>[\/vc_column_text]<\/div><\/div><div class=\"gem-textbox-bottom gem-textbox-bottom-flag\"><svg viewBox=\"0 0 1000 20\" preserveAspectRatio=\"none\" width=\"100%\" height=\"20\" style=\"fill: #ffffff;\"><path d=\"M 0,-0.5 0,20 500,0 1000,20 1000,-0.5\" \/><\/svg><\/div><\/div><\/div>[\/vc_column_inner][vc_column_inner width=&#8221;1\/2&#8243; offset=&#8221;vc_col-lg-3 vc_col-xs-12&#8243;]<div class=\"lazy-loading\" data-ll-item-delay=\"0\"><div class=\"gem-textbox  lazy-loading-item centered-box\"  data-ll-effect=\"move-up\" ><div class=\"gem-textbox-inner\" style=\"\"><div class=\"gem-textbox-content\" style=\"background-color: #ffffff;background-position: center top;\"><div class=\"clearboth\"><\/div><div class=\"gem-divider \" style=\"margin-top: 30px;\"><\/div><div class=\"centered-box\"><div class=\"gem-icon gem-icon-pack-material gem-icon-size-medium  gem-icon-shape-circle\"  style=\"border-color: #c16336;opacity: 1;\"><div class=\"gem-icon-inner\" style=\"background-color: #c16336;\"><span class=\"gem-icon-half-1\" style=\"color: #ffffff;\"><span class=\"back-angle\">&#xf10a;<\/span><\/span><span class=\"gem-icon-half-2\" style=\"color: #ffffff;\"><span class=\"back-angle\">&#xf10a;<\/span><\/span><\/div><\/div><\/div><div class=\"clearboth\"><\/div><div class=\"gem-divider \" style=\"margin-top: 30px;\"><\/div>[vc_column_text]<\/p>\n<h5 style=\"text-align: center;\">EXCELLENT SERVICE \u00c0 LA CLIENT\u00c8LE<\/h5>\n<p>[\/vc_column_text]<\/div><\/div><div class=\"gem-textbox-bottom gem-textbox-bottom-flag\"><svg viewBox=\"0 0 1000 20\" preserveAspectRatio=\"none\" width=\"100%\" height=\"20\" style=\"fill: #ffffff;\"><path d=\"M 0,-0.5 0,20 500,0 1000,20 1000,-0.5\" \/><\/svg><\/div><\/div><\/div>[\/vc_column_inner][\/vc_row_inner]<div class=\"clearboth\"><\/div><div class=\"gem-divider \" style=\"margin-top: 130px;\"><\/div><\/div><\/div><\/div>[\/vc_column][\/vc_row][vc_row full_width=&#8221;stretch_row_content_no_spaces&#8221; equal_height=&#8221;yes&#8221; css=&#8221;.vc_custom_1591217661088{margin-top: 20px !important;margin-bottom: 0px !important;}&#8221; el_class=&#8221;small-no-padding&#8221;][vc_column css_animation=&#8221;fadeIn&#8221; disable_custom_paddings_tablet=&#8221;true&#8221; disable_custom_paddings_mobile=&#8221;true&#8221; css=&#8221;.vc_custom_1582913411104{padding-top: 80px !important;padding-bottom: 80px !important;padding-left: 100px !important;background-image: url(http:\/\/core-scientific.com\/fr\/wp-content\/uploads\/2020\/02\/background-city.jpg?id=25229) !important;background-position: center !important;background-repeat: no-repeat !important;background-size: cover !important;}&#8221; offset=&#8221;vc_col-lg-6 vc_col-md-12 vc_col-xs-12&#8243; el_class=&#8221;media-no-padding&#8221;]<div class=\"clearboth\"><\/div><div class=\"gem-divider \" style=\"margin-top: 40px;\"><\/div>[vc_column_text css_animation=&#8221;bottom-to-top&#8221;]<\/p>\n<h2 style=\"text-align: center;\"><span style=\"color: #ffffff;\">CONTACTEZ-NOUS<\/span><\/h2>\n<p>[\/vc_column_text]<div class=\"clearboth\"><\/div><div class=\"gem-divider \" style=\"margin-top: 40px;\"><\/div>[vc_row_inner css=&#8221;.vc_custom_1457527423288{margin-top: -3px !important;}&#8221;][vc_column_inner width=&#8221;1\/3&#8243; offset=&#8221;vc_col-lg-4 vc_col-md-4 vc_col-xs-12&#8243;]<div class=\"gem-icon-with-text gem-icon-with-text-icon-size-small gem-icon-with-text-flow\" ><div style=\"margin-bottom:0px;margin-top:1px; \" class=\"gem-icon-with-text-icon\"><div class=\"gem-icon gem-icon-pack-elegant gem-icon-size-small  gem-icon-shape-square gem-simple-icon\"  style=\"opacity: 1;\"><div class=\"gem-icon-inner\" style=\"\"><span class=\"gem-icon-half-1\" style=\"color: #00bcd4;\"><span class=\"back-angle\">&#xe081;<\/span><\/span><span class=\"gem-icon-half-2\" style=\"color: #00bcd4;\"><span class=\"back-angle\">&#xe081;<\/span><\/span><\/div><\/div><\/div><div class=\"gem-icon-with-text-content\" ><div class=\"gem-icon-with-text-text\">[vc_column_text css_animation=&#8221;bottom-to-top&#8221;]<span style=\"font-weight: 400; color: #ffffff;\">Adresse:<\/span><\/p>\n<p><span style=\"font-weight: 400; color: #ffffff;\">700 Industrial Drive, Ste K<\/span><\/p>\n<p><span style=\"font-weight: 400; color: #ffffff;\">Cary IL<\/span><\/p>\n<p><span style=\"font-weight: 400; color: #ffffff;\">60013, \u00c9tats-Unis<\/span>[\/vc_column_text]<\/div><\/div><div class=\"clearboth\"><\/div><\/div>[\/vc_column_inner][vc_column_inner width=&#8221;1\/3&#8243; disable_custom_paddings_tablet=&#8221;true&#8221; disable_custom_paddings_mobile=&#8221;true&#8221; offset=&#8221;vc_col-lg-4 vc_col-md-4 vc_col-xs-12&#8243; css=&#8221;.vc_custom_1554905212742{padding-left: 20px !important;}&#8221;]<div class=\"gem-icon-with-text gem-icon-with-text-icon-size-small\" ><div style=\"margin-bottom:0px;margin-top:0px; \" class=\"gem-icon-with-text-icon\"><div class=\"gem-icon gem-icon-pack-elegant gem-icon-size-small  gem-icon-shape-square gem-simple-icon\"  style=\"opacity: 1;\"><div class=\"gem-icon-inner\" style=\"\"><span class=\"gem-icon-half-1\" style=\"color: #00bcd4;\"><span class=\"back-angle\">&#xe027;<\/span><\/span><span class=\"gem-icon-half-2\" style=\"color: #00bcd4;\"><span class=\"back-angle\">&#xe027;<\/span><\/span><\/div><\/div><\/div><div class=\"gem-icon-with-text-content\" ><div class=\"gem-icon-with-text-text\">[vc_column_text css_animation=&#8221;bottom-to-top&#8221;]<span style=\"font-weight: 400; color: #ffffff;\">T\u00e9l\u00e9phone:\u00a0<\/span><\/p>\n<p><span style=\"font-weight: 400; color: #ffffff;\">866-660-4631<\/span>[\/vc_column_text]<\/div><\/div><div class=\"clearboth\"><\/div><\/div>[\/vc_column_inner][vc_column_inner width=&#8221;1\/3&#8243; disable_custom_paddings_tablet=&#8221;true&#8221; disable_custom_paddings_mobile=&#8221;true&#8221; offset=&#8221;vc_col-lg-4 vc_col-md-4 vc_col-xs-12&#8243; css=&#8221;.vc_custom_1554905219036{padding-left: 20px !important;}&#8221;]<div class=\"gem-icon-with-text gem-icon-with-text-icon-size-small gem-icon-with-text-flow\" ><div style=\"margin-bottom:0px;margin-top:0px; \" class=\"gem-icon-with-text-icon\"><div class=\"gem-icon gem-icon-pack-elegant gem-icon-size-small  gem-icon-shape-square gem-simple-icon\"  style=\"opacity: 1;\"><div class=\"gem-icon-inner\" style=\"\"><span class=\"gem-icon-half-1\" style=\"color: #00bcd4;\"><span class=\"back-angle\">&#xe023;<\/span><\/span><span class=\"gem-icon-half-2\" style=\"color: #00bcd4;\"><span class=\"back-angle\">&#xe023;<\/span><\/span><\/div><\/div><\/div><div class=\"gem-icon-with-text-content\" ><div class=\"gem-icon-with-text-text\">[vc_column_text css_animation=&#8221;bottom-to-top&#8221;]<span style=\"font-weight: 400; color: #ffffff;\">Heures de travail:\u00a0<\/span><\/p>\n<p><span style=\"font-weight: 400; color: #ffffff;\">Du lundi au vendredi: 9:00 \u2013 17:00<\/span><\/p>\n<p><span style=\"font-weight: 400; color: #ffffff;\">Samedi-Dimanche: Ferm\u00e9<\/span>[\/vc_column_text]<\/div><\/div><div class=\"clearboth\"><\/div><\/div>[\/vc_column_inner][\/vc_row_inner][vc_raw_html]JTVCYnJiX2NvbGxlY3Rpb24lMjBpZCUzRCUyMjI1NjM0JTIyJTVE[\/vc_raw_html][\/vc_column][vc_column css_animation=&#8221;fadeIn&#8221; offset=&#8221;vc_col-lg-6 vc_col-md-12 vc_hidden-sm vc_col-xs-12 vc_hidden-xs&#8221;]<div class=\"gem-map-with-text\"><div class=\"gem-map-with-text-content\" style=\"\"><\/div><div class=\"gem-map-with-text-map grayscale\">[vc_gmaps link=\"#E-8_aHR0cHMlM0ElMkYlMkZ3d3cuZ29vZ2xlLmNvbSUyRm1hcHMlMkZlbWJlZCUzRnBiJTNEJTIxMW0xOCUyMTFtMTIlMjExbTMlMjExZDI5NTQuOTA0NDg2NTM4MDg3JTIxMmQtODguMjU5NTM0Njg0NzMzNzIlMjEzZDQyLjIxNjQ4NTk3OTE5NjcyNiUyMTJtMyUyMTFmMCUyMTJmMCUyMTNmMCUyMTNtMiUyMTFpMTAyNCUyMTJpNzY4JTIxNGYxMy4xJTIxM20zJTIxMW0yJTIxMXMweDg4MDU4YmY2ZWRiMWQxMDElMjUzQTB4ZGY5ZmZmMzFiYWQwODBkZSUyMTJzQ29yZSUyNTIwU2NpZW50aWZpYyUyNTIwUHJlY2lvdXMlMjUyME1ldGFscyUyNTIwUmVmaW5lcnklMjE1ZTAlMjEzbTIlMjExc2VuJTIxMnN1cyUyMTR2MTU4MjkwODM4NTk4NiUyMTVtMiUyMTFzZW4lMjEyc3Vz\" size=\"646\" disable_scroll=\"1\"]<\/div><\/div>[\/vc_column][\/vc_row]<\/p>\n","protected":false},"excerpt":{"rendered":"<p>[vc_row css=&#8221;.vc_custom_1458198549877{margin-bottom: 0px !important;}&#8221;][vc_column][vc_column_text css_animation=&#8221;bottom-to-top&#8221;] CONTACTEZ-NOUS! CONSULTATION GRATUITE Contactez nos experts chaleureux et professionnels [\/vc_column_text][vc_row_inner][vc_column_inner offset=&#8221;vc_hidden-xs&#8221;][\/vc_column_inner][\/vc_row_inner][vc_row_inner equal_height=&#8221;yes&#8221; el_class=&#8221;h_row&#8221;][vc_column_inner width=&#8221;1\/3&#8243; css=&#8221;.vc_custom_1590592637615{padding-right:&#8230;<\/p>\n","protected":false},"author":2,"featured_media":0,"parent":0,"menu_order":0,"comment_status":"closed","ping_status":"closed","template":"","meta":[],"yst_prominent_words":[],"_links":{"self":[{"href":"https:\/\/core-scientific.com\/fr\/wp-json\/wp\/v2\/pages\/26238"}],"collection":[{"href":"https:\/\/core-scientific.com\/fr\/wp-json\/wp\/v2\/pages"}],"about":[{"href":"https:\/\/core-scientific.com\/fr\/wp-json\/wp\/v2\/types\/page"}],"author":[{"embeddable":true,"href":"https:\/\/core-scientific.com\/fr\/wp-json\/wp\/v2\/users\/2"}],"replies":[{"embeddable":true,"href":"https:\/\/core-scientific.com\/fr\/wp-json\/wp\/v2\/comments?post=26238"}],"version-history":[{"count":9,"href":"https:\/\/core-scientific.com\/fr\/wp-json\/wp\/v2\/pages\/26238\/revisions"}],"predecessor-version":[{"id":27129,"href":"https:\/\/core-scientific.com\/fr\/wp-json\/wp\/v2\/pages\/26238\/revisions\/27129"}],"wp:attachment":[{"href":"https:\/\/core-scientific.com\/fr\/wp-json\/wp\/v2\/media?parent=26238"}],"wp:term":[{"taxonomy":"yst_prominent_words","embeddable":true,"href":"https:\/\/core-scientific.com\/fr\/wp-json\/wp\/v2\/yst_prominent_words?post=26238"}],"curies":[{"name":"wp","href":"https:\/\/api.w.org\/{rel}","templated":true}]}}