{"id":25299,"date":"2020-05-27T15:07:31","date_gmt":"2020-05-27T15:07:31","guid":{"rendered":"https:\/\/core-scientific.com\/fr\/?page_id=25299"},"modified":"2022-05-18T11:52:32","modified_gmt":"2022-05-18T11:52:32","slug":"demander-un-contenant","status":"publish","type":"page","link":"https:\/\/core-scientific.com\/fr\/demander-un-contenant\/","title":{"rendered":"Demander un contenant"},"content":{"rendered":"<p>[vc_row full_width=&#8221;stretch_row&#8221; css_animation=&#8221;bottom-to-top&#8221; css=&#8221;.vc_custom_1543844406325{margin-bottom: 0px !important;background-color: #f0f3f2 !important;}&#8221; el_id=&#8221;contact-us&#8221;][vc_column][vc_row_inner][vc_column_inner offset=&#8221;vc_hidden-xs&#8221;]<div class=\"clearboth\"><\/div><div class=\"gem-divider \" style=\"margin-top: 80px;\"><\/div>[\/vc_column_inner][\/vc_row_inner][vc_column_text css_animation=&#8221;bottom-to-top&#8221;]<\/p>\n<h2 style=\"text-align: center;\">Demander un Contenant<\/h2>\n<p style=\"text-align: center;\">N&#8217;oubliez pas que nous couvrons tous les frais d&#8217;exp\u00e9dition !<\/p>\n<p>[\/vc_column_text][vc_row_inner][vc_column_inner offset=&#8221;vc_hidden-xs&#8221;]<div class=\"clearboth\"><\/div><div class=\"gem-divider \" style=\"margin-top: 40px;\"><\/div>[\/vc_column_inner][\/vc_row_inner]<div role=\"form\" class=\"wpcf7\" id=\"wpcf7-f6-o1\" lang=\"en\" dir=\"ltr\">\n<div class=\"screen-reader-response\"><p role=\"status\" aria-live=\"polite\" aria-atomic=\"true\"><\/p> <ul><\/ul><\/div>\n<form action=\"\/fr\/wp-json\/wp\/v2\/pages\/25299#wpcf7-f6-o1\" method=\"post\" class=\"wpcf7-form init gem-contact-form-white\" novalidate=\"novalidate\" data-status=\"init\">\n<div style=\"display: none;\">\n<input type=\"hidden\" name=\"_wpcf7\" value=\"6\" \/>\n<input type=\"hidden\" name=\"_wpcf7_version\" value=\"5.6\" \/>\n<input type=\"hidden\" name=\"_wpcf7_locale\" value=\"en\" \/>\n<input type=\"hidden\" name=\"_wpcf7_unit_tag\" value=\"wpcf7-f6-o1\" \/>\n<input type=\"hidden\" name=\"_wpcf7_container_post\" value=\"0\" \/>\n<input type=\"hidden\" name=\"_wpcf7_posted_data_hash\" value=\"\" \/>\n<\/div>\n<div class=\"row\">\n<div class=\"form-line col-lg-4 col-md-4 col-xs-12\">\n<div class=\"gem-form-icon-name\"><span class=\"wpcf7-form-control-wrap\" data-name=\"your-name\"><input type=\"text\" name=\"your-name\" value=\"\" size=\"40\" class=\"wpcf7-form-control wpcf7-text wpcf7-validates-as-required\" aria-required=\"true\" aria-invalid=\"false\" placeholder=\"Nom*\" \/><\/span><\/div>\n<\/div>\n<div class=\"form-line col-lg-4 col-md-4 col-xs-12\">\n<div class=\"\"><span class=\"wpcf7-form-control-wrap\" data-name=\"your-companyname\"><input type=\"text\" name=\"your-companyname\" value=\"\" size=\"40\" class=\"wpcf7-form-control wpcf7-text wpcf7-validates-as-required\" aria-required=\"true\" aria-invalid=\"false\" placeholder=\"Nom de l\u2019entreprise*\" \/><\/span><\/div>\n<\/div>\n<div class=\"form-line col-lg-4 col-md-4 col-xs-12\">\n<div class=\"gem-form-icon-email\"><span class=\"wpcf7-form-control-wrap\" data-name=\"your-email\"><input type=\"text\" name=\"your-email\" value=\"\" size=\"40\" class=\"wpcf7-form-control wpcf7-text\" aria-invalid=\"false\" placeholder=\"Courriel*\" \/><\/span><\/div>\n<\/div>\n<div class=\"form-line col-lg-4 col-md-4 col-xs-12\">\n<div class=\"gem-form-icon-name\"><span class=\"wpcf7-form-control-wrap\" data-name=\"ship-to-attention\"><input type=\"text\" name=\"ship-to-attention\" value=\"\" size=\"40\" class=\"wpcf7-form-control wpcf7-text\" aria-invalid=\"false\" placeholder=\"Exp\u00e9dier \u00e0 l&#039;attention de:\" \/><\/span><\/div>\n<\/div>\n<div class=\"form-line col-lg-4 col-md-4 col-xs-12\">\n<div ><span class=\"wpcf7-form-control-wrap\" data-name=\"your-phone\"><input type=\"text\" name=\"your-phone\" value=\"\" size=\"40\" class=\"wpcf7-form-control wpcf7-text wpcf7-validates-as-required\" aria-required=\"true\" aria-invalid=\"false\" placeholder=\"T\u00e9l\u00e9phone*\" \/><\/span><\/div>\n<\/div>\n<div class=\"form-line col-lg-4 col-md-4 col-xs-12\">\n<div class=\"gem-form-icon-website\"><span class=\"wpcf7-form-control-wrap\" data-name=\"your-website\"><input type=\"text\" name=\"your-website\" value=\"\" size=\"40\" class=\"wpcf7-form-control wpcf7-text\" aria-invalid=\"false\" placeholder=\"Site Web\" \/><\/span><\/div>\n<\/div>\n<div class=\"form-line col-lg-12 col-md-12 col-xs-12\">\n<div><span class=\"wpcf7-form-control-wrap\" data-name=\"your-streetaddress\"><input type=\"text\" name=\"your-streetaddress\" value=\"\" size=\"40\" class=\"wpcf7-form-control wpcf7-text wpcf7-validates-as-required\" aria-required=\"true\" aria-invalid=\"false\" placeholder=\"Adresse*\" \/><\/span><\/div>\n<\/div>\n<div class=\"form-line col-lg-12 col-md-12 col-xs-12\">\n<div ><span class=\"wpcf7-form-control-wrap\" data-name=\"your-streetaddress2\"><input type=\"text\" name=\"your-streetaddress2\" value=\"\" size=\"40\" class=\"wpcf7-form-control wpcf7-text\" aria-invalid=\"false\" placeholder=\"2 Ligne d\u2019adresse*\" \/><\/span><\/div>\n<\/div>\n<div class=\"form-line col-lg-4 col-md-4 col-xs-12\">\n<div ><span class=\"wpcf7-form-control-wrap\" data-name=\"your-city\"><input type=\"text\" name=\"your-city\" value=\"\" size=\"40\" class=\"wpcf7-form-control wpcf7-text wpcf7-validates-as-required\" aria-required=\"true\" aria-invalid=\"false\" placeholder=\"Ville*\" \/><\/span><\/div>\n<\/div>\n<div class=\"form-line col-lg-4 col-md-4 col-xs-12\">\n<div ><span class=\"wpcf7-form-control-wrap\" data-name=\"your-state\"><input type=\"text\" name=\"your-state\" value=\"\" size=\"40\" class=\"wpcf7-form-control wpcf7-text wpcf7-validates-as-required\" aria-required=\"true\" aria-invalid=\"false\" placeholder=\"\u00c9tat*\" \/><\/span><\/div>\n<\/div>\n<div class=\"form-line col-lg-4 col-md-4 col-xs-12\">\n<div ><span class=\"wpcf7-form-control-wrap\" data-name=\"your-zipcode\"><input type=\"text\" name=\"your-zipcode\" value=\"\" size=\"40\" class=\"wpcf7-form-control wpcf7-text wpcf7-validates-as-required\" aria-required=\"true\" aria-invalid=\"false\" placeholder=\"Code postal*\" \/><\/span><\/div>\n<\/div>\n<div class=\"form-line col-lg-12 col-md-12 col-xs-12\">\n<div >De quelle taille de contenant avez-vous besoin? (\u00c9crire : Pint, Gallon, Seau de 7 gallons, Autre) <span class=\"wpcf7-form-control-wrap\" data-name=\"your-container\"><input type=\"text\" name=\"your-container\" value=\"\" size=\"40\" class=\"wpcf7-form-control wpcf7-text\" aria-invalid=\"false\" placeholder=\"Container\" \/><\/span><\/div>\n<\/div>\n<div class=\"form-line col-lg-12 col-md-12 col-xs-12\">\n<div >Comment devons-nous livrer votre \u00e9tiquette d'exp\u00e9dition gratuite ? (\u00c9crivez : Courriel, par t\u00e9l\u00e9copieur ou par la poste) <span class=\"wpcf7-form-control-wrap\" data-name=\"your-delivery\"><input type=\"text\" name=\"your-delivery\" value=\"\" size=\"40\" class=\"wpcf7-form-control wpcf7-text\" aria-invalid=\"false\" placeholder=\"\u00c9tiquette de livraison\" \/><\/span><\/div>\n<\/div>\n<div class=\"form-line col-lg-12 col-md-12 col-xs-12\">Date de ramassage <span class=\"wpcf7-form-control-wrap\" data-name=\"Date\"><input type=\"date\" name=\"Date\" value=\"\" class=\"wpcf7-form-control wpcf7-date wpcf7-validates-as-date\" aria-invalid=\"false\" \/><\/span><\/div>\n<div class=\"form-line col-lg-12 col-md-12 col-xs-12\"> Description des mat\u00e9riaux et message \u00e0 Core Scientific <span class=\"wpcf7-form-control-wrap\" data-name=\"your-message\"><textarea name=\"your-message\" cols=\"40\" rows=\"10\" class=\"wpcf7-form-control wpcf7-textarea\" aria-invalid=\"false\" placeholder=\"Message\"><\/textarea><\/span><\/div>\n<div class=\"form-line col-lg-12 col-md-12 col-xs-12\">\n<div ><span class=\"wpcf7-form-control-wrap\" data-name=\"your-howdidyou\"><input type=\"text\" name=\"your-howdidyou\" value=\"\" size=\"40\" class=\"wpcf7-form-control wpcf7-text wpcf7-validates-as-required\" aria-required=\"true\" aria-invalid=\"false\" placeholder=\"Comment avez-vous pour entendre parler de nous?\" \/><\/span><\/div>\n<\/div>\n<div class=\"col-lg-12 col-md-12 col-xs-12\"><div class=\"gem-button-container gem-button-position-center thegem-button-69d11585919f96621\" ><input class=\"gem-button gem-button-size-medium gem-button-style-outline gem-button-text-weight-normal gem-button-border-3 wpcf7-form-control wpcf7-submit gem-button-wpcf-custom\" style=\"border-radius: 3px;border-color: #00bcd4;color: #00bcd4;\" onmouseleave=\"this.style.borderColor='#00bcd4';this.style.backgroundColor='transparent';this.style.color='#00bcd4';\" onmouseenter=\"this.style.backgroundColor='#00bcd4';this.style.color='#fff';\" id=\"\" tabindex=\"\" type=\"submit\" value=\"Soumettez votre message\" \/><\/div> <\/div>\n<\/div>\n<div class=\"wpcf7-response-output\" aria-hidden=\"true\"><\/div><\/form><\/div><div class=\"clearboth\"><\/div><div class=\"gem-divider \" style=\"margin-top: 95px;\"><\/div>[\/vc_column][\/vc_row][vc_row css_animation=&#8221;fadeIn&#8221; css=&#8221;.vc_custom_1543846513720{margin-bottom: 0px !important;}&#8221;][vc_column css=&#8221;.vc_custom_1461336118881{padding-top: 0px !important;}&#8221;]<div id=\"fullwidth-block-69d1158591e3d\" class=\"fullwidth-block fullwidth-block-parallax-vertical clearfix\" data-mobile-parallax-enable=\"0\" style=\"padding-top: 90px;padding-bottom: 100px;\"><script type=\"text\/javascript\">if (typeof(gem_fix_fullwidth_position) == \"function\") { gem_fix_fullwidth_position(document.getElementById(\"fullwidth-block-69d1158591e3d\")); }<\/script><div class=\"fullwidth-block-inner\"><div class=\"container\">[vc_row_inner disable_custom_paddings_tablet=&#8221;true&#8221; disable_custom_paddings_mobile=&#8221;true&#8221; css=&#8221;.vc_custom_1542979284121{padding-right: 200px !important;padding-left: 200px !important;}&#8221;][vc_column_inner width=&#8221;1\/6&#8243; css=&#8221;.vc_custom_1461415526409{padding-top: 20px !important;}&#8221; offset=&#8221;vc_col-xs-6&#8243;][\/vc_column_inner][vc_column_inner width=&#8221;1\/6&#8243; css=&#8221;.vc_custom_1461415532592{padding-top: 20px !important;}&#8221; offset=&#8221;vc_col-xs-6&#8243;][\/vc_column_inner][vc_column_inner width=&#8221;1\/6&#8243; css=&#8221;.vc_custom_1461415562106{padding-top: 20px !important;}&#8221; offset=&#8221;vc_col-xs-6&#8243;]<div class=\"socials socials-list socials-colored-hover socials-rounded socials-alignment-center\"><a class=\"socials-item\" target=\"_blank\" href=\"https:\/\/www.linkedin.com\/company\/core-scientific\/\" style=\"color: #00bcd4;\"><i class=\"socials-item-icon linkedin\" style=\"font-size: 50px\"><\/i><\/a><\/div>[\/vc_column_inner][vc_column_inner width=&#8221;1\/6&#8243; css=&#8221;.vc_custom_1461415552954{padding-top: 20px !important;}&#8221; offset=&#8221;vc_col-xs-6&#8243;][\/vc_column_inner][vc_column_inner width=&#8221;1\/6&#8243; css=&#8221;.vc_custom_1461415567878{padding-top: 20px !important;}&#8221; offset=&#8221;vc_col-xs-6&#8243;][\/vc_column_inner][vc_column_inner width=&#8221;1\/6&#8243; css=&#8221;.vc_custom_1461415573360{padding-top: 20px !important;}&#8221; offset=&#8221;vc_col-xs-6&#8243;][\/vc_column_inner][\/vc_row_inner]<\/div><\/div><\/div>[\/vc_column][\/vc_row][vc_row full_width=&#8221;stretch_row_content_no_spaces&#8221; equal_height=&#8221;yes&#8221; css=&#8221;.vc_custom_1591217661088{margin-top: 20px !important;margin-bottom: 0px !important;}&#8221; el_class=&#8221;small-no-padding&#8221;][vc_column css_animation=&#8221;fadeIn&#8221; disable_custom_paddings_tablet=&#8221;true&#8221; disable_custom_paddings_mobile=&#8221;true&#8221; css=&#8221;.vc_custom_1582913411104{padding-top: 80px !important;padding-bottom: 80px !important;padding-left: 100px !important;background-image: url(http:\/\/core-scientific.com\/fr\/wp-content\/uploads\/2020\/02\/background-city.jpg?id=25229) !important;background-position: center !important;background-repeat: no-repeat !important;background-size: cover !important;}&#8221; offset=&#8221;vc_col-lg-6 vc_col-md-12 vc_col-xs-12&#8243; el_class=&#8221;media-no-padding&#8221;]<style type=\"text\/css\">.thegem-button-69d11585920685049.lazy-loading-before-start-animation .lazy-loading-item {opacity: 0;}<\/style><div class=\"gem-button-container gem-button-position-center thegem-button-69d11585920685049 lazy-loading lazy-loading-before-start-animation\" ><a class=\"gem-button gem-button-size-medium gem-button-style-flat gem-button-text-weight-normal lazy-loading-item\"data-ll-effect=\"drop-right-without-wrap\" style=\"border-radius: 0px;background-color: #0a6736;color: #ffffff;\" onmouseleave=\"this.style.backgroundColor='#0a6736';this.style.color='#ffffff';\" onmouseenter=\"this.style.backgroundColor='#dd9933';this.style.color='#ffffff';\" href=\"https:\/\/core-scientific.com\/fr\/request-a-container\/\" target=\"_self\">COMMENCER!<\/a><\/div> [vc_column_text css_animation=&#8221;bottom-to-top&#8221;]<\/p>\n<h2 style=\"text-align: center;\"><span style=\"color: #ffffff;\">CONTACTEZ-NOUS<\/span><\/h2>\n<p>[\/vc_column_text]<div class=\"clearboth\"><\/div><div class=\"gem-divider \" style=\"margin-top: 40px;\"><\/div>[vc_row_inner css=&#8221;.vc_custom_1457527423288{margin-top: -3px !important;}&#8221;][vc_column_inner width=&#8221;1\/3&#8243; offset=&#8221;vc_col-lg-4 vc_col-md-4 vc_col-xs-12&#8243;]<div class=\"gem-icon-with-text gem-icon-with-text-icon-size-small gem-icon-with-text-flow\" ><div style=\"margin-bottom:0px;margin-top:1px; \" class=\"gem-icon-with-text-icon\"><div class=\"gem-icon gem-icon-pack-elegant gem-icon-size-small  gem-icon-shape-square gem-simple-icon\"  style=\"opacity: 1;\"><div class=\"gem-icon-inner\" style=\"\"><span class=\"gem-icon-half-1\" style=\"color: #00bcd4;\"><span class=\"back-angle\">&#xe081;<\/span><\/span><span class=\"gem-icon-half-2\" style=\"color: #00bcd4;\"><span class=\"back-angle\">&#xe081;<\/span><\/span><\/div><\/div><\/div><div class=\"gem-icon-with-text-content\" ><div class=\"gem-icon-with-text-text\">[vc_column_text css_animation=&#8221;bottom-to-top&#8221;]<span style=\"font-weight: 400; color: #ffffff;\">Adresse:<\/span><\/p>\n<p><span style=\"font-weight: 400; color: #ffffff;\">700 Industrial Drive, Ste K<\/span><\/p>\n<p><span style=\"font-weight: 400; color: #ffffff;\">Cary IL<\/span><\/p>\n<p><span style=\"font-weight: 400; color: #ffffff;\">60013, \u00c9tats-Unis<\/span>[\/vc_column_text]<\/div><\/div><div class=\"clearboth\"><\/div><\/div>[\/vc_column_inner][vc_column_inner width=&#8221;1\/3&#8243; disable_custom_paddings_tablet=&#8221;true&#8221; disable_custom_paddings_mobile=&#8221;true&#8221; offset=&#8221;vc_col-lg-4 vc_col-md-4 vc_col-xs-12&#8243; css=&#8221;.vc_custom_1554905212742{padding-left: 20px !important;}&#8221;]<div class=\"gem-icon-with-text gem-icon-with-text-icon-size-small\" ><div style=\"margin-bottom:0px;margin-top:0px; \" class=\"gem-icon-with-text-icon\"><div class=\"gem-icon gem-icon-pack-elegant gem-icon-size-small  gem-icon-shape-square gem-simple-icon\"  style=\"opacity: 1;\"><div class=\"gem-icon-inner\" style=\"\"><span class=\"gem-icon-half-1\" style=\"color: #00bcd4;\"><span class=\"back-angle\">&#xe027;<\/span><\/span><span class=\"gem-icon-half-2\" style=\"color: #00bcd4;\"><span class=\"back-angle\">&#xe027;<\/span><\/span><\/div><\/div><\/div><div class=\"gem-icon-with-text-content\" ><div class=\"gem-icon-with-text-text\">[vc_column_text css_animation=&#8221;bottom-to-top&#8221;]<span style=\"font-weight: 400; color: #ffffff;\">T\u00e9l\u00e9phone:\u00a0<\/span><\/p>\n<p><span style=\"font-weight: 400; color: #ffffff;\">866-660-4631<\/span>[\/vc_column_text]<\/div><\/div><div class=\"clearboth\"><\/div><\/div>[\/vc_column_inner][vc_column_inner width=&#8221;1\/3&#8243; disable_custom_paddings_tablet=&#8221;true&#8221; disable_custom_paddings_mobile=&#8221;true&#8221; offset=&#8221;vc_col-lg-4 vc_col-md-4 vc_col-xs-12&#8243; css=&#8221;.vc_custom_1554905219036{padding-left: 20px !important;}&#8221;]<div class=\"gem-icon-with-text gem-icon-with-text-icon-size-small gem-icon-with-text-flow\" ><div style=\"margin-bottom:0px;margin-top:0px; \" class=\"gem-icon-with-text-icon\"><div class=\"gem-icon gem-icon-pack-elegant gem-icon-size-small  gem-icon-shape-square gem-simple-icon\"  style=\"opacity: 1;\"><div class=\"gem-icon-inner\" style=\"\"><span class=\"gem-icon-half-1\" style=\"color: #00bcd4;\"><span class=\"back-angle\">&#xe023;<\/span><\/span><span class=\"gem-icon-half-2\" style=\"color: #00bcd4;\"><span class=\"back-angle\">&#xe023;<\/span><\/span><\/div><\/div><\/div><div class=\"gem-icon-with-text-content\" ><div class=\"gem-icon-with-text-text\">[vc_column_text css_animation=&#8221;bottom-to-top&#8221;]<span style=\"font-weight: 400; color: #ffffff;\">Heures de travail:\u00a0<\/span><\/p>\n<p><span style=\"font-weight: 400; color: #ffffff;\">Du lundi au vendredi: 9:00 \u2013 17:00<\/span><\/p>\n<p><span style=\"font-weight: 400; color: #ffffff;\">Samedi-Dimanche: Ferm\u00e9<\/span>[\/vc_column_text]<\/div><\/div><div class=\"clearboth\"><\/div><\/div>[\/vc_column_inner][\/vc_row_inner][vc_raw_html]JTVCYnJiX2NvbGxlY3Rpb24lMjBpZCUzRCUyMjI1NjM0JTIyJTVE[\/vc_raw_html][\/vc_column][vc_column css_animation=&#8221;fadeIn&#8221; offset=&#8221;vc_col-lg-6 vc_col-md-12 vc_hidden-sm vc_col-xs-12 vc_hidden-xs&#8221;]<div class=\"gem-map-with-text\"><div class=\"gem-map-with-text-content\" style=\"\"><\/div><div class=\"gem-map-with-text-map grayscale\">[vc_gmaps link=\"#E-8_aHR0cHMlM0ElMkYlMkZ3d3cuZ29vZ2xlLmNvbSUyRm1hcHMlMkZlbWJlZCUzRnBiJTNEJTIxMW0xOCUyMTFtMTIlMjExbTMlMjExZDI5NTQuOTA0NDg2NTM4MDg3JTIxMmQtODguMjU5NTM0Njg0NzMzNzIlMjEzZDQyLjIxNjQ4NTk3OTE5NjcyNiUyMTJtMyUyMTFmMCUyMTJmMCUyMTNmMCUyMTNtMiUyMTFpMTAyNCUyMTJpNzY4JTIxNGYxMy4xJTIxM20zJTIxMW0yJTIxMXMweDg4MDU4YmY2ZWRiMWQxMDElMjUzQTB4ZGY5ZmZmMzFiYWQwODBkZSUyMTJzQ29yZSUyNTIwU2NpZW50aWZpYyUyNTIwUHJlY2lvdXMlMjUyME1ldGFscyUyNTIwUmVmaW5lcnklMjE1ZTAlMjEzbTIlMjExc2VuJTIxMnN1cyUyMTR2MTU4MjkwODM4NTk4NiUyMTVtMiUyMTFzZW4lMjEyc3Vz\" size=\"646\" disable_scroll=\"1\"]<\/div><\/div>[\/vc_column][\/vc_row]<\/p>\n","protected":false},"excerpt":{"rendered":"<p>[vc_row full_width=&#8221;stretch_row&#8221; css_animation=&#8221;bottom-to-top&#8221; css=&#8221;.vc_custom_1543844406325{margin-bottom: 0px !important;background-color: #f0f3f2 !important;}&#8221; el_id=&#8221;contact-us&#8221;][vc_column][vc_row_inner][vc_column_inner offset=&#8221;vc_hidden-xs&#8221;][\/vc_column_inner][\/vc_row_inner][vc_column_text css_animation=&#8221;bottom-to-top&#8221;] Demander un Contenant N&#8217;oubliez pas que nous couvrons tous&#8230;<\/p>\n","protected":false},"author":2,"featured_media":0,"parent":0,"menu_order":0,"comment_status":"closed","ping_status":"closed","template":"","meta":[],"yst_prominent_words":[],"_links":{"self":[{"href":"https:\/\/core-scientific.com\/fr\/wp-json\/wp\/v2\/pages\/25299"}],"collection":[{"href":"https:\/\/core-scientific.com\/fr\/wp-json\/wp\/v2\/pages"}],"about":[{"href":"https:\/\/core-scientific.com\/fr\/wp-json\/wp\/v2\/types\/page"}],"author":[{"embeddable":true,"href":"https:\/\/core-scientific.com\/fr\/wp-json\/wp\/v2\/users\/2"}],"replies":[{"embeddable":true,"href":"https:\/\/core-scientific.com\/fr\/wp-json\/wp\/v2\/comments?post=25299"}],"version-history":[{"count":13,"href":"https:\/\/core-scientific.com\/fr\/wp-json\/wp\/v2\/pages\/25299\/revisions"}],"predecessor-version":[{"id":27168,"href":"https:\/\/core-scientific.com\/fr\/wp-json\/wp\/v2\/pages\/25299\/revisions\/27168"}],"wp:attachment":[{"href":"https:\/\/core-scientific.com\/fr\/wp-json\/wp\/v2\/media?parent=25299"}],"wp:term":[{"taxonomy":"yst_prominent_words","embeddable":true,"href":"https:\/\/core-scientific.com\/fr\/wp-json\/wp\/v2\/yst_prominent_words?post=25299"}],"curies":[{"name":"wp","href":"https:\/\/api.w.org\/{rel}","templated":true}]}}