{"id":3,"date":"2020-02-26T15:37:36","date_gmt":"2020-02-26T15:37:36","guid":{"rendered":"http:\/\/core-scientific.com\/es\/?page_id=3"},"modified":"2021-01-04T15:06:07","modified_gmt":"2021-01-04T15:06:07","slug":"privacy-policy","status":"publish","type":"page","link":"https:\/\/core-scientific.com\/es\/privacy-policy\/","title":{"rendered":"Politica de privacidad"},"content":{"rendered":"<h5>Nuestra <a href=\"https:\/\/core-scientific.com\/es\/privacy-policy\/politica-de-cookies-ue\/\">POL\u00cdTICA DE COOKIES<\/a><\/h5>\n<h1>POL\u00cdTICA DE PRIVACIDAD DE CORE SCIENTIFIC<\/h1>\n<p>En core-scientific.com, accesible desde https:\/\/core-scientific.com\/, una de nuestras principales prioridades es la privacidad de nuestros visitantes. Este documento de Pol\u00edtica de Privacidad contiene los tipos de informaci\u00f3n que se recogen y registran en core-scientific.com y c\u00f3mo la utilizamos.<\/p>\n<p>Si tiene preguntas adicionales o requiere m\u00e1s informaci\u00f3n sobre nuestra Pol\u00edtica de Privacidad, no dude en ponerse en contacto con nosotros.<\/p>\n<p>Esta Pol\u00edtica de Privacidad se aplica s\u00f3lo a nuestras actividades en l\u00ednea y es v\u00e1lida para los visitantes de nuestro sitio web con respecto a la informaci\u00f3n que comparten y\/o recogen en core-scientific.com. Esta pol\u00edtica no es aplicable a ninguna informaci\u00f3n recogida fuera de l\u00ednea o a trav\u00e9s de canales distintos de este sitio web.<\/p>\n<h3>CONSENTIMIENTO<\/h3>\n<p>Al utilizar nuestro sitio web, usted acepta nuestra Pol\u00edtica de Privacidad y est\u00e1 de acuerdo con sus t\u00e9rminos.<\/p>\n<h3>LA INFORMACI\u00d3N QUE RECOGEMOS<\/h3>\n<p>La informaci\u00f3n personal que se le pide que proporcione, y las razones por las que se le pide que la proporcione, se le aclarar\u00e1 en el momento en que le pidamos que proporcione su informaci\u00f3n personal.<\/p>\n<p>Si se pone en contacto con nosotros directamente, es posible que recibamos informaci\u00f3n adicional sobre usted, como su nombre, direcci\u00f3n de correo electr\u00f3nico, n\u00famero de tel\u00e9fono, el contenido del mensaje y\/o los archivos adjuntos que nos env\u00ede, y cualquier otra informaci\u00f3n que decida proporcionar.<\/p>\n<p>Cuando se registra en una Cuenta, podemos pedirle su informaci\u00f3n de contacto, incluyendo elementos como el nombre, el nombre de la empresa, la direcci\u00f3n, la direcci\u00f3n de correo electr\u00f3nico y el n\u00famero de tel\u00e9fono.<\/p>\n<h3>C\u00d3MO USAMOS SU INFORMACI\u00d3N<\/h3>\n<p>Utilizamos la informaci\u00f3n que recogemos de varias maneras, incluyendo:<\/p>\n<ul>\n<li>Proporcionar, operar y mantener nuestro sitio web<\/li>\n<li>Mejorar, personalizar y ampliar nuestro sitio web<\/li>\n<li>Comprender y analizar c\u00f3mo utiliza nuestro sitio web<\/li>\n<li>Desarrollar nuevos productos, servicios, caracter\u00edsticas y funcionalidades<\/li>\n<li>Comunicar con usted, ya sea directamente o a trav\u00e9s de uno de nuestros socios, incluso para el servicio de atenci\u00f3n al cliente, para proporcionarle actualizaciones y otra informaci\u00f3n relacionada con el sitio web, y para fines de marketing y promoci\u00f3n<\/li>\n<li>Enviar emails<\/li>\n<li>Encontrar y prevenir el fraude<\/li>\n<\/ul>\n<h3>ARCHIVOS DE REGISTRO<\/h3>\n<p>core-scientific.com sigue un procedimiento est\u00e1ndar de uso de archivos de registro. Estos archivos registran a los visitantes cuando visitan los sitios web. Todas las compa\u00f1\u00edas de hosting hacen esto y una parte de los an\u00e1lisis de los servicios de hosting. La informaci\u00f3n recogida por los archivos de registro incluye las direcciones del protocolo de Internet (IP), el tipo de navegador, el proveedor de servicios de Internet (ISP), la fecha y la hora, las p\u00e1ginas de referencia\/salida y posiblemente el n\u00famero de clics. \u00c9stas no est\u00e1n vinculadas a ninguna informaci\u00f3n que permita la identificaci\u00f3n personal. El prop\u00f3sito de la informaci\u00f3n es analizar las tendencias, administrar el sitio, rastrear el movimiento de los usuarios en el sitio web y reunir informaci\u00f3n demogr\u00e1fica. Nuestra Pol\u00edtica de privacidad se cre\u00f3 con la ayuda del Generador de pol\u00edticas de privacidad y del Generador de pol\u00edticas de privacidad en l\u00ednea.<\/p>\n<h3>COOKIES Y WEB BEACONS<\/h3>\n<p>Como cualquier otro sitio web, core-scientific.com utiliza &#8220;cookies&#8221;. Estas cookies se utilizan para almacenar informaci\u00f3n, incluyendo las preferencias de los visitantes, y las p\u00e1ginas del sitio web que el visitante accedi\u00f3 o visit\u00f3. La informaci\u00f3n se utiliza para optimizar la experiencia de los usuarios, personalizando el contenido de nuestra p\u00e1gina web en funci\u00f3n del tipo de navegador de los visitantes y\/u otra informaci\u00f3n.<\/p>\n<h3>COOKIE DE GOOGLE DOUBLECLICK DART<\/h3>\n<p>Google es uno de los terceros proveedores de nuestro sitio. Tambi\u00e9n utiliza cookies, conocidas como cookies DART, para publicar anuncios a los visitantes de nuestro sitio en base a su visita a www.website.com y otros sitios en Internet. Sin embargo, los visitantes pueden optar por rechazar el uso de las cookies de DART visitando el anuncio de Google y la red de contenido de la Pol\u00edtica de Privacidad en la siguiente URL &#8211; <a href=\"https:\/\/policies.google.com\/technologies\/ads\">https:\/\/policies.google.com\/technologies\/ads<\/a><\/p>\n<h3>NUESTROS SOCIOS PUBLICITARIOS<\/h3>\n<p>Algunos de los anunciantes de nuestro sitio pueden usar cookies y web beacons. Nuestros socios publicitarios se enumeran a continuaci\u00f3n. Cada uno de nuestros socios publicitarios tiene su propia pol\u00edtica de privacidad para sus pol\u00edticas de datos de usuario. Para facilitar el acceso, hemos creado un hiperv\u00ednculo a sus pol\u00edticas de privacidad a continuaci\u00f3n.<\/p>\n<ul>\n<li>Google<a href=\"https:\/\/policies.google.com\/technologies\/ads\">https:\/\/policies.google.com\/technologies\/ads<\/a><\/li>\n<\/ul>\n<h3>POL\u00cdTICAS DE PRIVACIDAD DE LOS SOCIOS PUBLICITARIOS<\/h3>\n<p>Puede consultar esta lista para encontrar la Pol\u00edtica de Privacidad de cada uno de los socios publicitarios de core-scientific.com.<\/p>\n<p>Los servidores o redes publicitarias de terceros utilizan tecnolog\u00edas como cookies, JavaScript o Web Beacons que se utilizan en sus respectivos anuncios y enlaces que aparecen en core-scientific.com, que se env\u00edan directamente al navegador del usuario. Ellos reciben autom\u00e1ticamente su direcci\u00f3n IP cuando esto ocurre. Estas tecnolog\u00edas se utilizan para medir la eficacia de sus campa\u00f1as publicitarias y\/o para personalizar el contenido publicitario que usted ve en los sitios web que visita.<\/p>\n<p>Tenga en cuenta que core-scientific.com no tiene acceso ni control sobre estas cookies que son utilizadas por anunciantes de terceros.<\/p>\n<h3>DERECHOS DE PRIVACIDAD DE LA CCPA (NO VENDAN MI INFORMACI\u00d3N PERSONAL)<\/h3>\n<p>Seg\u00fan la ley CCPA, entre otros derechos, los consumidores tienen derecho a:<\/p>\n<p>Solicitar que una empresa que recopila los datos personales de un consumidor revele las categor\u00edas y los datos personales espec\u00edficos que una empresa ha recopilado sobre los consumidores.<\/p>\n<p>Solicitar que una empresa elimine cualquier dato personal sobre el consumidor que una empresa haya recopilado.<\/p>\n<p>Solicitar que una empresa que vende los datos personales de un consumidor, no venda los datos personales del consumidor.<\/p>\n<p>Si hace una solicitud, tenemos un mes para responderle. Si desea ejercer alguno de estos derechos, por favor, p\u00f3ngase en contacto con nosotros.<\/p>\n<h3>DERECHOS DE PROTECCI\u00d3N DE DATOS DEL GDPR<\/h3>\n<p>Nos gustar\u00eda asegurarnos de que usted es plenamente consciente de todos sus derechos de protecci\u00f3n de datos. Cada usuario tiene derecho a lo siguiente:<\/p>\n<ul>\n<li>El derecho de acceso &#8211; Tiene derecho a solicitar copias de sus datos personales. Podemos cobrarle una peque\u00f1a cuota por este servicio.<\/li>\n<li>El derecho de rectificaci\u00f3n &#8211; Tiene el derecho de solicitar que corrijamos cualquier informaci\u00f3n que crea que es inexacta. Tambi\u00e9n tiene derecho a solicitar que completemos la informaci\u00f3n que considere incompleta.<\/li>\n<li>Derecho de borrado &#8211; Tiene derecho a solicitar que borremos sus datos personales, bajo ciertas condiciones.<\/li>\n<li>Derecho a restringir el procesamiento &#8211; Tiene derecho a solicitar que restrinjamos el procesamiento de sus datos personales, bajo ciertas condiciones.<\/li>\n<li>Derecho a objetar el procesamiento &#8211; Tiene derecho a objetar el procesamiento de sus datos personales, bajo ciertas condiciones.<\/li>\n<li>Derecho a la portabilidad de los datos &#8211; Tiene derecho a solicitar que transfiramos los datos que hemos recopilado a otra organizaci\u00f3n, o directamente a usted, bajo ciertas condiciones.<\/li>\n<\/ul>\n<p>Si hace una solicitud, tenemos un mes para responderle. Si desea ejercer alguno de estos derechos, p\u00f3ngase en contacto con nosotros.<\/p>\n<h3>INFORMACI\u00d3N SOBRE LOS NI\u00d1OS<\/h3>\n<p>Otra parte de nuestra prioridad es a\u00f1adir protecci\u00f3n para los ni\u00f1os mientras usan Internet. Animamos a los padres y tutores a que observen, participen y\/o controlen y gu\u00eden su actividad en l\u00ednea.<\/p>\n<p>core-scientific.com no recopila a sabiendas ninguna Informaci\u00f3n de Identificaci\u00f3n Personal de ni\u00f1os menores de 13 a\u00f1os. Si cree que su hijo ha proporcionado este tipo de informaci\u00f3n en nuestro sitio web, le recomendamos encarecidamente que se ponga en contacto con nosotros inmediatamente y haremos todo lo posible para eliminar r\u00e1pidamente dicha informaci\u00f3n de nuestros registros.<\/p>\n","protected":false},"excerpt":{"rendered":"<p>Nuestra POL\u00cdTICA DE COOKIES POL\u00cdTICA DE PRIVACIDAD DE CORE SCIENTIFIC En core-scientific.com, accesible desde https:\/\/core-scientific.com\/, una de nuestras principales prioridades&#8230;<\/p>\n","protected":false},"author":2,"featured_media":0,"parent":0,"menu_order":0,"comment_status":"closed","ping_status":"closed","template":"","meta":[],"yst_prominent_words":[],"_links":{"self":[{"href":"https:\/\/core-scientific.com\/es\/wp-json\/wp\/v2\/pages\/3"}],"collection":[{"href":"https:\/\/core-scientific.com\/es\/wp-json\/wp\/v2\/pages"}],"about":[{"href":"https:\/\/core-scientific.com\/es\/wp-json\/wp\/v2\/types\/page"}],"author":[{"embeddable":true,"href":"https:\/\/core-scientific.com\/es\/wp-json\/wp\/v2\/users\/2"}],"replies":[{"embeddable":true,"href":"https:\/\/core-scientific.com\/es\/wp-json\/wp\/v2\/comments?post=3"}],"version-history":[{"count":6,"href":"https:\/\/core-scientific.com\/es\/wp-json\/wp\/v2\/pages\/3\/revisions"}],"predecessor-version":[{"id":25825,"href":"https:\/\/core-scientific.com\/es\/wp-json\/wp\/v2\/pages\/3\/revisions\/25825"}],"wp:attachment":[{"href":"https:\/\/core-scientific.com\/es\/wp-json\/wp\/v2\/media?parent=3"}],"wp:term":[{"taxonomy":"yst_prominent_words","embeddable":true,"href":"https:\/\/core-scientific.com\/es\/wp-json\/wp\/v2\/yst_prominent_words?post=3"}],"curies":[{"name":"wp","href":"https:\/\/api.w.org\/{rel}","templated":true}]}}