{"id":25577,"date":"2020-06-08T12:20:04","date_gmt":"2020-06-08T12:20:04","guid":{"rendered":"http:\/\/core-scientific.com\/es\/?page_id=25577"},"modified":"2020-12-30T16:20:39","modified_gmt":"2020-12-30T16:20:39","slug":"la-mejor-opcion-ambiental","status":"publish","type":"page","link":"https:\/\/core-scientific.com\/es\/la-mejor-opcion-ambiental\/","title":{"rendered":"La mejor opci\u00f3n ambiental"},"content":{"rendered":"<p>[vc_row full_width=&#8221;stretch_row_content_no_spaces&#8221; equal_height=&#8221;yes&#8221; content_placement=&#8221;middle&#8221; css=&#8221;.vc_custom_1587117544301{margin-bottom: 0px !important;}&#8221;][vc_column disable_custom_paddings_tablet=&#8221;true&#8221; disable_custom_paddings_mobile=&#8221;true&#8221; css=&#8221;.vc_custom_1591638696862{padding-top: 90px !important;padding-right: 90px !important;padding-bottom: 90px !important;padding-left: 90px !important;background-position: center !important;background-repeat: no-repeat !important;background-size: cover !important;}&#8221; offset=&#8221;vc_col-lg-6 vc_col-md-12 vc_col-xs-12&#8243;][vc_column_text css_animation=&#8221;bottom-to-top&#8221;]<\/p>\n<div class=\"title-h5\">\n<p><span style=\"font-weight: 400;\">IMPACTO AMBIENTAL Y SOCIAL<\/span><\/p>\n<p>&nbsp;<\/p>\n<\/div>\n<p>[\/vc_column_text][vc_column_text]El reciclaje protege el medio ambiente al reducir la necesidad de extraer, procesar y refinar materiales naturales, y beneficia a toda la humanidad y a las generaciones futuras al preservar los preciosos recursos naturales de la Tierra.<\/p>\n<p>Por ejemplo, los materiales no org\u00e1nicos posteriores a la cremaci\u00f3n est\u00e1n clasificados como &#8220;desechos peligrosos&#8221; por la EPA. Seg\u00fan el T\u00edtulo 40 del C\u00f3digo de Regulaciones Federales de los Estados Unidos deben ser eliminados adecuadamente.<\/p>\n<p>El reciclaje responsable de la chatarra de metales preciosos ayuda a conservar los recursos naturales que se destruyen durante las pr\u00e1cticas mineras. La extracci\u00f3n de metales tiene un impacto negativo en el medio ambiente a trav\u00e9s de la erosi\u00f3n del suelo, la contaminaci\u00f3n de las aguas superficiales, las aguas subterr\u00e1neas y el suelo. Tambi\u00e9n puede contribuir a la fuga de productos qu\u00edmicos en la zona, lo que afecta negativamente a la salud de los residentes locales. La contaminaci\u00f3n del aire es otro motivo de preocupaci\u00f3n. En algunos procesos de miner\u00eda, las emisiones de gases pueden liberarse a la atm\u00f3sfera causando niveles elevados de contaminantes nocivos en la misma.<\/p>\n<p>Invertir en las tecnolog\u00edas y t\u00e9cnicas de refinaci\u00f3n m\u00e1s avanzadas nos permite generar los mayores rendimientos posibles, recuperando m\u00e1s metales preciosos en el proceso de refinaci\u00f3n, lo que nos convierte en la mejor opci\u00f3n ambiental.[\/vc_column_text]<div class=\"clearboth\"><\/div><div class=\"gem-divider \" style=\"margin-top: 50px;\"><\/div>[\/vc_column][vc_column disable_custom_paddings_tablet=&#8221;true&#8221; disable_custom_paddings_mobile=&#8221;true&#8221; css=&#8221;.vc_custom_1591620175093{margin-top: 0px !important;margin-bottom: 0px !important;padding-top: 200px !important;padding-right: 80px !important;padding-bottom: 200px !important;padding-left: 80px !important;background-image: url(http:\/\/core-scientific.com\/es\/wp-content\/uploads\/2020\/06\/environment-website.jpg?id=25582) !important;background-position: center !important;background-repeat: no-repeat !important;background-size: cover !important;}&#8221; offset=&#8221;vc_col-lg-6 vc_col-md-12 vc_col-xs-12&#8243;][\/vc_column][\/vc_row][vc_row el_id=&#8221;details&#8221;][vc_column]<div class=\"clearboth\"><\/div><div class=\"gem-divider \" style=\"margin-top: 40px;\"><\/div>[vc_column_text css_animation=&#8221;none&#8221;]<\/p>\n<div class=\"title-h2\" style=\"text-align: center;\">PROGRAMAS DE REFINACI\u00d3N DE DESCARTES POR INDUSTRIA<\/div>\n<p>[\/vc_column_text]<div class=\"clearboth\"><\/div><div class=\"gem-divider \" style=\"margin-top: 40px;\"><\/div>[\/vc_column][\/vc_row][vc_row][vc_column width=&#8221;1\/4&#8243;][vc_raw_html]JTA5JTNDZGl2JTIwb25jbGljayUzRCUyMndpbmRvdy5sb2NhdGlvbi5ocmVmJTNEJTI3aHR0cCUzQSUyRiUyRmNvcmUtc2NpZW50aWZpYy5jb20lMkZlcyUyRmRlbnRhbC1zY3JhcC1yZWZpbmluZyUyRiUyNyUzQiUyMiUyMGNsYXNzJTNEJTIyd3BiX3RleHRfY29sdW1uJTIwd3BiX2NvbnRlbnRfZWxlbWVudCUyMCUyMHdwYl9hbmltYXRlX3doZW5fYWxtb3N0X3Zpc2libGUlMjB3cGJfZmFkZUluJTIwZmFkZUluJTIyJTIwJTNFJTBBJTBBJTNDZGl2JTIwaWQlM0QlMjJob3ZlcmRpdnRlc3QlMjIlMjBzdHlsZSUzRCUyMmJvcmRlciUzQSUyMDFweCUyMHNvbGlkJTIwJTIzZGZlNWU4JTNCJTIyJTNFJTBBJTNDYSUyMGhyZWYlM0QlMjIlMjMxJTIyJTNFJTBBJTNDZGl2JTNFJTBBJTNDcCUyMHN0eWxlJTNEJTIydGV4dC1hbGlnbiUzQSUyMGNlbnRlciUzQiUyMHBhZGRpbmctdG9wJTNBMTBweCUzQiUyMiUzRSUzQ2ltZyUyMGNsYXNzJTNEJTIyYWxpZ25ub25lJTIwd3AtaW1hZ2UtMjQ4ODclMjAlMjIlMjBzcmMlM0QlMjJodHRwJTNBJTJGJTJGY29yZS1zY2llbnRpZmljLmNvbSUyRmVzJTJGd3AtY29udGVudCUyRnVwbG9hZHMlMkYyMDIwJTJGMDIlMkZJY29uLWRlbnRpc3QucG5nJTIyJTIwYWx0JTNEJTIyJTIyJTIwd2lkdGglM0QlMjI5MSUyMiUyMGhlaWdodCUzRCUyMjkxJTIyJTIwJTJGJTNFJTNDJTJGcCUzRSUwQSUwQSUzQ2g1JTIwc3R5bGUlM0QlMjJ0ZXh0LWFsaWduJTNBJTIwY2VudGVyJTNCJTIwbWFyZ2luLXRvcCUzQS0xNXB4JTNCJTIyJTNFJTNDc3BhbiUyMGNsYXNzJTNEJTIybGlnaHQlMjIlMjBzdHlsZSUzRCUyMmNvbG9yJTNBJTIwJTIzM2MzOTUwJTNCJTIyJTNFUkVGSU5BQ0klQzMlOTNOJTIwREVOVEFMJTNDJTJGc3BhbiUzRSUzQyUyRmg1JTNFJTBBJTNDJTJGZGl2JTNFJTBBJTNDJTJGYSUzRSUwQSUzQyUyRmRpdiUzRSUzQyUyRmRpdiUzRQ==[\/vc_raw_html]<div class=\"clearboth\"><\/div><div class=\"gem-divider \" style=\"margin-top: 30px;\"><\/div>[\/vc_column][vc_column width=&#8221;1\/4&#8243;][vc_raw_html]JTA5JTNDZGl2JTIwb25jbGljayUzRCUyMndpbmRvdy5sb2NhdGlvbi5ocmVmJTNEJTI3aHR0cCUzQSUyRiUyRmNvcmUtc2NpZW50aWZpYy5jb20lMkZlcyUyRmRlbnRhbC1sYWItcmVmaW5pbmclMkYlMjclM0IlMjIlMjAlMjBjbGFzcyUzRCUyMndwYl90ZXh0X2NvbHVtbiUyMHdwYl9jb250ZW50X2VsZW1lbnQlMjAlMjB3cGJfYW5pbWF0ZV93aGVuX2FsbW9zdF92aXNpYmxlJTIwd3BiX2ZhZGVJbiUyMGZhZGVJbiUyMiUyMCUzRSUzQ2RpdiUyMGlkJTNEJTIyaG92ZXJkaXZ0ZXN0JTIyJTIwc3R5bGUlM0QlMjJib3JkZXIlM0ElMjAxcHglMjBzb2xpZCUyMCUyM2RmZTVlOCUzQiUyMiUzRSUwQSUzQ2ElMjBocmVmJTNEJTIyJTIzMSUyMiUzRSUwQSUzQ2RpdiUzRSUwQSUzQ3AlMjBzdHlsZSUzRCUyMnRleHQtYWxpZ24lM0ElMjBjZW50ZXIlM0IlMjAlMjBwYWRkaW5nLXRvcCUzQTEwcHglM0IlMjIlM0UlM0NpbWclMjBjbGFzcyUzRCUyMmFsaWdubm9uZSUyMHdwLWltYWdlLTI0ODg3JTIwJTIyJTIwc3JjJTNEJTIyaHR0cCUzQSUyRiUyRmNvcmUtc2NpZW50aWZpYy5jb20lMkZlcyUyRndwLWNvbnRlbnQlMkZ1cGxvYWRzJTJGMjAyMCUyRjAyJTJGZGVudGFsLWxhYi1pY29uLnBuZyUyMiUyMGFsdCUzRCUyMiUyMiUyMHdpZHRoJTNEJTIyOTElMjIlMjBoZWlnaHQlM0QlMjI5MSUyMiUyMCUyRiUzRSUzQyUyRnAlM0UlMEElMEElM0NoNSUyMHN0eWxlJTNEJTIydGV4dC1hbGlnbiUzQSUyMGNlbnRlciUzQm1hcmdpbi10b3AlM0EtMTVweCUzQiUyMiUzRSUzQ3NwYW4lMjBjbGFzcyUzRCUyMmxpZ2h0JTIyJTIwc3R5bGUlM0QlMjJjb2xvciUzQSUyMCUyMzNjMzk1MCUzQiUyMiUzRVJFRklOQUNJJUMzJTkzTiUyMFBBUkElMjBMQUJPUkFUT1JJT1MlMjBERU5UQUxFUyUzQyUyRnNwYW4lM0UlM0MlMkZoNSUzRSUwQSUzQyUyRmRpdiUzRSUwQSUzQyUyRmElM0UlMEElM0MlMkZkaXYlM0UlM0MlMkZkaXYlM0U=[\/vc_raw_html]<div class=\"clearboth\"><\/div><div class=\"gem-divider \" style=\"margin-top: 30px;\"><\/div>[\/vc_column][vc_column width=&#8221;1\/4&#8243;][vc_raw_html]JTA5JTNDZGl2JTIwb25jbGljayUzRCUyMndpbmRvdy5sb2NhdGlvbi5ocmVmJTNEJTI3aHR0cCUzQSUyRiUyRmNvcmUtc2NpZW50aWZpYy5jb20lMkZlcyUyRnJlZmluaW5nLWZvci1qZXdlbHJ5LWFuZC1wYXduc2hvcHMlMkYlMjclM0IlMjIlMjAlMjBjbGFzcyUzRCUyMndwYl90ZXh0X2NvbHVtbiUyMHdwYl9jb250ZW50X2VsZW1lbnQlMjAlMjB3cGJfYW5pbWF0ZV93aGVuX2FsbW9zdF92aXNpYmxlJTIwd3BiX2ZhZGVJbiUyMGZhZGVJbiUyMiUyMCUzRSUzQ2RpdiUyMGlkJTNEJTIyaG92ZXJkaXZ0ZXN0JTIyJTIwc3R5bGUlM0QlMjJib3JkZXIlM0ElMjAxcHglMjBzb2xpZCUyMCUyM2RmZTVlOCUzQiUyMiUzRSUwQSUzQ2ElMjBocmVmJTNEJTIyJTIzMSUyMiUzRSUwQSUzQ2RpdiUzRSUwQSUzQ3AlMjBzdHlsZSUzRCUyMnRleHQtYWxpZ24lM0ElMjBjZW50ZXIlM0IlMjBwYWRkaW5nLXRvcCUzQTEwcHglM0IlMjIlM0UlM0NpbWclMjBjbGFzcyUzRCUyMmFsaWdubm9uZSUyMHdwLWltYWdlLTI0ODg3JTIwJTIyJTIwc3JjJTNEJTIyaHR0cCUzQSUyRiUyRmNvcmUtc2NpZW50aWZpYy5jb20lMkZlcyUyRndwLWNvbnRlbnQlMkZ1cGxvYWRzJTJGMjAyMCUyRjA1JTJGUGF3bnNob3AtaWNvbi5wbmclMjIlMjBhbHQlM0QlMjIlMjIlMjB3aWR0aCUzRCUyMjkxJTIyJTIwaGVpZ2h0JTNEJTIyOTElMjIlMjAlMkYlM0UlM0MlMkZwJTNFJTBBJTBBJTNDaDUlMjBzdHlsZSUzRCUyMnRleHQtYWxpZ24lM0ElMjBjZW50ZXIlM0JtYXJnaW4tdG9wJTNBLTE1cHglM0IlMjIlM0UlM0NzcGFuJTIwY2xhc3MlM0QlMjJsaWdodCUyMiUyMHN0eWxlJTNEJTIyY29sb3IlM0ElMjAlMjMzYzM5NTAlM0IlMjIlM0VSRUZJTkFDSSVDMyU5M04lMjBQQVJBJTIwQ0FTQVMlMjBERSUyMEVNUEUlQzMlOTFPJTNDJTJGc3BhbiUzRSUzQyUyRmg1JTNFJTBBJTNDJTJGZGl2JTNFJTBBJTNDJTJGYSUzRSUwQSUzQyUyRmRpdiUzRSUzQyUyRmRpdiUzRQ==[\/vc_raw_html]<div class=\"clearboth\"><\/div><div class=\"gem-divider \" style=\"margin-top: 30px;\"><\/div>[\/vc_column][vc_column width=&#8221;1\/4&#8243;][vc_raw_html]JTA5JTNDZGl2JTIwb25jbGljayUzRCUyMndpbmRvdy5sb2NhdGlvbi5ocmVmJTNEJTI3aHR0cCUzQSUyRiUyRmNvcmUtc2NpZW50aWZpYy5jb20lMkZlcyUyRnJlZmluaW5nLWZvci1qZXdlbHJ5LWFuZC1wYXduc2hvcHMlMkYlMjclM0IlMjIlMjAlMjBjbGFzcyUzRCUyMndwYl90ZXh0X2NvbHVtbiUyMHdwYl9jb250ZW50X2VsZW1lbnQlMjAlMjB3cGJfYW5pbWF0ZV93aGVuX2FsbW9zdF92aXNpYmxlJTIwd3BiX2ZhZGVJbiUyMGZhZGVJbiUyMiUyMCUzRSUzQ2RpdiUyMGlkJTNEJTIyaG92ZXJkaXZ0ZXN0JTIyJTIwc3R5bGUlM0QlMjJib3JkZXIlM0ElMjAxcHglMjBzb2xpZCUyMCUyM2RmZTVlOCUzQiUyMiUzRSUwQSUzQ2ElMjBocmVmJTNEJTIyJTIzMSUyMiUzRSUwQSUzQ2RpdiUzRSUwQSUzQ3AlMjBzdHlsZSUzRCUyMnRleHQtYWxpZ24lM0ElMjBjZW50ZXIlM0IlMjBwYWRkaW5nLXRvcCUzQTEwcHglM0IlMjIlM0UlM0NpbWclMjBjbGFzcyUzRCUyMmFsaWdubm9uZSUyMHdwLWltYWdlLTI0ODg3JTIwJTIyJTIwc3JjJTNEJTIyaHR0cCUzQSUyRiUyRmNvcmUtc2NpZW50aWZpYy5jb20lMkZlcyUyRndwLWNvbnRlbnQlMkZ1cGxvYWRzJTJGMjAyMCUyRjAyJTJGaWNvbi1qZXdlcmx5LnBuZyUyMiUyMGFsdCUzRCUyMiUyMiUyMHdpZHRoJTNEJTIyOTElMjIlMjBoZWlnaHQlM0QlMjI5MSUyMiUyMCUyRiUzRSUzQyUyRnAlM0UlMEElMEElM0NoNSUyMHN0eWxlJTNEJTIydGV4dC1hbGlnbiUzQSUyMGNlbnRlciUzQm1hcmdpbi10b3AlM0EtMTVweCUzQiUyMiUzRSUzQ3NwYW4lMjBjbGFzcyUzRCUyMmxpZ2h0JTIyJTIwc3R5bGUlM0QlMjJjb2xvciUzQSUyMCUyMzNjMzk1MCUzQiUyMiUzRVJFRklOQUNJJUMzJTkzTiUyMERFJTIwSk9ZRVIlQzMlOERBJTNDJTJGc3BhbiUzRSUzQyUyRmg1JTNFJTBBJTNDJTJGZGl2JTNFJTBBJTNDJTJGYSUzRSUwQSUzQyUyRmRpdiUzRSUzQyUyRmRpdiUzRQ==[\/vc_raw_html]<div class=\"clearboth\"><\/div><div class=\"gem-divider \" style=\"margin-top: 30px;\"><\/div>[\/vc_column][vc_column]<div class=\"clearboth\"><\/div><div class=\"gem-divider \" style=\"margin-top: 40px;\"><\/div>[\/vc_column][\/vc_row][vc_row full_width=&#8221;stretch_row_content_no_spaces&#8221; equal_height=&#8221;yes&#8221; css=&#8221;.vc_custom_1457530984364{margin-bottom: 0px !important;}&#8221; el_class=&#8221;small-no-padding&#8221;][vc_column css_animation=&#8221;fadeIn&#8221; disable_custom_paddings_tablet=&#8221;true&#8221; disable_custom_paddings_mobile=&#8221;true&#8221; css=&#8221;.vc_custom_1609344480601{padding-top: 80px !important;padding-right: 20px !important;padding-bottom: 80px !important;padding-left: 80px !important;background-image: url(http:\/\/core-scientific.com\/es\/wp-content\/uploads\/2020\/02\/background-city.jpg?id=25229) !important;background-position: center !important;background-repeat: no-repeat !important;background-size: cover !important;}&#8221; offset=&#8221;vc_col-lg-6 vc_col-md-12 vc_col-xs-12&#8243; el_class=&#8221;media-no-padding&#8221;][vc_column_text css_animation=&#8221;bottom-to-top&#8221;]<\/p>\n<h2 style=\"text-align: center;\"><span style=\"color: #ffffff;\">Cont\u00e1ctanos<\/span><\/h2>\n<p>[\/vc_column_text]<div class=\"clearboth\"><\/div><div class=\"gem-divider \" style=\"margin-top: 40px;\"><\/div>[vc_row_inner css=&#8221;.vc_custom_1457527423288{margin-top: -3px !important;}&#8221;][vc_column_inner width=&#8221;1\/3&#8243; offset=&#8221;vc_col-lg-4 vc_col-md-4 vc_col-xs-12&#8243;]<div class=\"gem-icon-with-text gem-icon-with-text-icon-size-small gem-icon-with-text-flow\"><div style=\"margin-bottom:0px;margin-top:1px; \" class=\"gem-icon-with-text-icon\"><div class=\"gem-icon gem-icon-pack-elegant gem-icon-size-small  gem-icon-shape-square gem-simple-icon\" style=\"opacity: 1;\"><div class=\"gem-icon-inner\" style=\"\"><span class=\"gem-icon-half-1\" style=\"color: #00bcd4;\"><span class=\"back-angle\">&#xe081;<\/span><\/span><span class=\"gem-icon-half-2\" style=\"color: #00bcd4;\"><span class=\"back-angle\">&#xe081;<\/span><\/span><\/div><\/div><\/div><div class=\"gem-icon-with-text-content\" ><div class=\"gem-icon-with-text-text\">[vc_column_text css_animation=&#8221;bottom-to-top&#8221;]<span style=\"color: #ffffff;\">Direcci\u00f3n:<\/span><\/p>\n<p><span style=\"color: #ffffff;\">700 Industrial Drive, Ste K<\/span><\/p>\n<p><span style=\"color: #ffffff;\">Cary IL<\/span><\/p>\n<p><span style=\"color: #ffffff;\">60013, Estados Unidos<\/span>[\/vc_column_text]<\/div><\/div><div class=\"clearboth\"><\/div><\/div>[\/vc_column_inner][vc_column_inner width=&#8221;1\/3&#8243; disable_custom_paddings_tablet=&#8221;true&#8221; disable_custom_paddings_mobile=&#8221;true&#8221; offset=&#8221;vc_col-lg-4 vc_col-md-4 vc_col-xs-12&#8243; css=&#8221;.vc_custom_1554905212742{padding-left: 20px !important;}&#8221;]<div class=\"gem-icon-with-text gem-icon-with-text-icon-size-small\"><div style=\"margin-bottom:0px;margin-top:0px; \" class=\"gem-icon-with-text-icon\"><div class=\"gem-icon gem-icon-pack-elegant gem-icon-size-small  gem-icon-shape-square gem-simple-icon\" style=\"opacity: 1;\"><div class=\"gem-icon-inner\" style=\"\"><span class=\"gem-icon-half-1\" style=\"color: #00bcd4;\"><span class=\"back-angle\">&#xe027;<\/span><\/span><span class=\"gem-icon-half-2\" style=\"color: #00bcd4;\"><span class=\"back-angle\">&#xe027;<\/span><\/span><\/div><\/div><\/div><div class=\"gem-icon-with-text-content\" ><div class=\"gem-icon-with-text-text\">[vc_column_text css_animation=&#8221;bottom-to-top&#8221;]<span style=\"color: #ffffff;\">Tel\u00e9fono:<\/span><\/p>\n<p><span style=\"color: #ffffff;\">866-660-4631<\/span>[\/vc_column_text]<\/div><\/div><div class=\"clearboth\"><\/div><\/div>[\/vc_column_inner][vc_column_inner width=&#8221;1\/3&#8243; disable_custom_paddings_tablet=&#8221;true&#8221; disable_custom_paddings_mobile=&#8221;true&#8221; offset=&#8221;vc_col-lg-4 vc_col-md-4 vc_col-xs-12&#8243; css=&#8221;.vc_custom_1554905219036{padding-left: 20px !important;}&#8221;]<div class=\"gem-icon-with-text gem-icon-with-text-icon-size-small gem-icon-with-text-flow\"><div style=\"margin-bottom:0px;margin-top:0px; \" class=\"gem-icon-with-text-icon\"><div class=\"gem-icon gem-icon-pack-elegant gem-icon-size-small  gem-icon-shape-square gem-simple-icon\" style=\"opacity: 1;\"><div class=\"gem-icon-inner\" style=\"\"><span class=\"gem-icon-half-1\" style=\"color: #00bcd4;\"><span class=\"back-angle\">&#xe023;<\/span><\/span><span class=\"gem-icon-half-2\" style=\"color: #00bcd4;\"><span class=\"back-angle\">&#xe023;<\/span><\/span><\/div><\/div><\/div><div class=\"gem-icon-with-text-content\" ><div class=\"gem-icon-with-text-text\">[vc_column_text css_animation=&#8221;bottom-to-top&#8221;]<span style=\"color: #ffffff;\">Horario:<\/span><\/p>\n<p><span style=\"color: #ffffff;\">De Lunes a Viernes: 9:00 &#8211; 5:00<\/span><\/p>\n<p><span style=\"color: #ffffff;\">S\u00e1bado y Domingo: Cerrado<\/span>[\/vc_column_text]<\/div><\/div><div class=\"clearboth\"><\/div><\/div>[\/vc_column_inner][\/vc_row_inner][\/vc_column][vc_column css_animation=&#8221;fadeIn&#8221; offset=&#8221;vc_col-lg-6 vc_col-md-12 vc_hidden-sm vc_col-xs-12 vc_hidden-xs&#8221;]<div class=\"gem-map-with-text\"><div class=\"gem-map-with-text-content\" style=\"\"><\/div><div class=\"gem-map-with-text-map grayscale\">[vc_gmaps link=\"#E-8_aHR0cHMlM0ElMkYlMkZ3d3cuZ29vZ2xlLmNvbSUyRm1hcHMlMkZlbWJlZCUzRnBiJTNEJTIxMW0xOCUyMTFtMTIlMjExbTMlMjExZDI5NTQuOTA0NDg2NTM4MDg3JTIxMmQtODguMjU5NTM0Njg0NzMzNzIlMjEzZDQyLjIxNjQ4NTk3OTE5NjcyNiUyMTJtMyUyMTFmMCUyMTJmMCUyMTNmMCUyMTNtMiUyMTFpMTAyNCUyMTJpNzY4JTIxNGYxMy4xJTIxM20zJTIxMW0yJTIxMXMweDg4MDU4YmY2ZWRiMWQxMDElMjUzQTB4ZGY5ZmZmMzFiYWQwODBkZSUyMTJzQ29yZSUyNTIwU2NpZW50aWZpYyUyNTIwUHJlY2lvdXMlMjUyME1ldGFscyUyNTIwUmVmaW5lcnklMjE1ZTAlMjEzbTIlMjExc2VuJTIxMnN1cyUyMTR2MTU4MjkwODM4NTk4NiUyMTVtMiUyMTFzZW4lMjEyc3Vz\" size=\"646\" disable_scroll=\"1\"]<\/div><\/div>[\/vc_column][\/vc_row]<\/p>\n","protected":false},"excerpt":{"rendered":"<p>[vc_row full_width=&#8221;stretch_row_content_no_spaces&#8221; equal_height=&#8221;yes&#8221; content_placement=&#8221;middle&#8221; css=&#8221;.vc_custom_1587117544301{margin-bottom: 0px !important;}&#8221;][vc_column disable_custom_paddings_tablet=&#8221;true&#8221; disable_custom_paddings_mobile=&#8221;true&#8221; css=&#8221;.vc_custom_1591638696862{padding-top: 90px !important;padding-right: 90px !important;padding-bottom: 90px !important;padding-left: 90px !important;background-position: center !important;background-repeat:&#8230;<\/p>\n","protected":false},"author":2,"featured_media":0,"parent":0,"menu_order":0,"comment_status":"closed","ping_status":"closed","template":"","meta":[],"yst_prominent_words":[],"_links":{"self":[{"href":"https:\/\/core-scientific.com\/es\/wp-json\/wp\/v2\/pages\/25577"}],"collection":[{"href":"https:\/\/core-scientific.com\/es\/wp-json\/wp\/v2\/pages"}],"about":[{"href":"https:\/\/core-scientific.com\/es\/wp-json\/wp\/v2\/types\/page"}],"author":[{"embeddable":true,"href":"https:\/\/core-scientific.com\/es\/wp-json\/wp\/v2\/users\/2"}],"replies":[{"embeddable":true,"href":"https:\/\/core-scientific.com\/es\/wp-json\/wp\/v2\/comments?post=25577"}],"version-history":[{"count":11,"href":"https:\/\/core-scientific.com\/es\/wp-json\/wp\/v2\/pages\/25577\/revisions"}],"predecessor-version":[{"id":25792,"href":"https:\/\/core-scientific.com\/es\/wp-json\/wp\/v2\/pages\/25577\/revisions\/25792"}],"wp:attachment":[{"href":"https:\/\/core-scientific.com\/es\/wp-json\/wp\/v2\/media?parent=25577"}],"wp:term":[{"taxonomy":"yst_prominent_words","embeddable":true,"href":"https:\/\/core-scientific.com\/es\/wp-json\/wp\/v2\/yst_prominent_words?post=25577"}],"curies":[{"name":"wp","href":"https:\/\/api.w.org\/{rel}","templated":true}]}}