{"id":25314,"date":"2020-05-28T15:43:07","date_gmt":"2020-05-28T15:43:07","guid":{"rendered":"http:\/\/core-scientific.com\/es\/?page_id=25314"},"modified":"2021-01-07T18:25:48","modified_gmt":"2021-01-07T18:25:48","slug":"sobre-nosotros","status":"publish","type":"page","link":"https:\/\/core-scientific.com\/es\/sobre-nosotros\/","title":{"rendered":"Sobre Nosotros"},"content":{"rendered":"<p>[vc_row content_placement=&#8221;top&#8221;][vc_column width=&#8221;1\/4&#8243;]<div class=\"gem-team row inline-row gem-team-style-4\"> <div class=\"col-xs-12 inline-column\"> <div id=\"post-25316\" class=\"team-person bordered-box centered-box post-25316 thegem_team_person type-thegem_team_person status-publish has-post-thumbnail\" style=\" \"> <div class=\"team-person-image\"><img width=\"160\" height=\"160\" src=\"https:\/\/core-scientific.com\/es\/wp-content\/uploads\/2020\/05\/Mark-and-Derek-e1524418107692-1-thegem-person-160.jpg\" class=\"img-responsive wp-post-image\" alt=\"Mark-and-Derek-e1524418107692 (1)\" srcset=\"https:\/\/core-scientific.com\/es\/wp-content\/uploads\/2020\/05\/Mark-and-Derek-e1524418107692-1-thegem-person.jpg 2x\" sizes=\"100vw\" loading=\"lazy\" \/><\/div> <div class=\"team-person-info clearfix\"> <div class=\"team-person-name styled-subtitle\" >Mark Ahumada<\/div> <div class=\"team-person-position date-color\" >Propietario<\/div> <\/div> <\/div> <\/div> <\/div><div class=\"clearboth\"><\/div><div class=\"gem-divider \" style=\"margin-top: 20px;\"><\/div>[vc_row_inner][vc_column_inner width=&#8221;1\/6&#8243;][\/vc_column_inner][vc_column_inner width=&#8221;1\/6&#8243;][\/vc_column_inner][\/vc_row_inner][\/vc_column][vc_column width=&#8221;1\/4&#8243;]<div class=\"gem-team row inline-row gem-team-style-4\"> <div class=\"col-xs-12 inline-column\"> <div id=\"post-25318\" class=\"team-person bordered-box centered-box post-25318 thegem_team_person type-thegem_team_person status-publish has-post-thumbnail\" style=\" \"> <div class=\"team-person-image\"><img width=\"160\" height=\"160\" src=\"https:\/\/core-scientific.com\/es\/wp-content\/uploads\/2020\/05\/Derek-Briordy-close-up-e1524418712363-1-thegem-person-160.jpg\" class=\"img-responsive wp-post-image\" alt=\"Derek-Briordy-close-up-e1524418712363 (1)\" srcset=\"https:\/\/core-scientific.com\/es\/wp-content\/uploads\/2020\/05\/Derek-Briordy-close-up-e1524418712363-1-thegem-person.jpg 2x\" sizes=\"100vw\" loading=\"lazy\" \/><\/div> <div class=\"team-person-info clearfix\"> <div class=\"team-person-name styled-subtitle\" >Derek Briordy<\/div> <div class=\"team-person-position date-color\" >Propietario<\/div> <\/div> <\/div> <\/div> <\/div><div class=\"clearboth\"><\/div><div class=\"gem-divider \" style=\"margin-top: 20px;\"><\/div>[\/vc_column][vc_column width=&#8221;2\/4&#8243;][vc_row_inner][vc_column_inner][vc_column_text]<\/p>\n<p style=\"font-size: 80px; padding: 0px; margin: 0px;\">\u201c<\/p>\n<p>Tras d\u00e9cadas de experiencia en la industria de los metales preciosos, creamos Core Scientific para aportar transparencia al sector. Quedamos sorprendidos al descubrir que algunos de los m\u00e1s grandes nombres de la industria estaban reteniendo enormes m\u00e1rgenes sin transparencia detr\u00e1s de sus pr\u00e1cticas de refinamiento o c\u00f3mo llegaron a sus cifras finales. Nos propusimos cambiar la forma en que se comunican los resultados de la refinaci\u00f3n y realizamos grandes inversiones en las tecnolog\u00edas m\u00e1s avanzadas para garantizar no s\u00f3lo los m\u00e1s altos rendimientos y los an\u00e1lisis m\u00e1s precisos, sino tambi\u00e9n la comunicaci\u00f3n m\u00e1s directa y transparente de esta informaci\u00f3n a nuestros clientes. Este mayor nivel de transparencia nos ha convertido en una de las principales opciones para los l\u00edderes de la industria en todo el mundo, incluidas m\u00faltiples empresas que cotizan en bolsa y pr\u00e1cticas de grandes grupos. Esperamos servir a su negocio y ayudarle a sacar el m\u00e1ximo provecho de su programa de refinaci\u00f3n de descartes.<\/p>\n<p style=\"font-size: 80px; padding: 0px; margin: 0px; text-align: right;\">\u201d<\/p>\n<p>[\/vc_column_text][\/vc_column_inner][\/vc_row_inner][\/vc_column][\/vc_row][vc_row full_width=&#8221;stretch_row_content_no_spaces&#8221; equal_height=&#8221;yes&#8221; content_placement=&#8221;middle&#8221; css=&#8221;.vc_custom_1587117544301{margin-bottom: 0px !important;}&#8221;][vc_column disable_custom_paddings_tablet=&#8221;true&#8221; disable_custom_paddings_mobile=&#8221;true&#8221; css=&#8221;.vc_custom_1591633943924{padding-top: 90px !important;padding-right: 90px !important;padding-bottom: 90px !important;padding-left: 90px !important;background-position: center !important;background-repeat: no-repeat !important;background-size: cover !important;}&#8221; offset=&#8221;vc_col-lg-6 vc_col-md-12 vc_col-xs-12&#8243;][vc_column_text css_animation=&#8221;bottom-to-top&#8221;]<\/p>\n<div class=\"title-h5\">\n<p><span class=\"light\">CORE SCIENTIFIC EST\u00c1 COMPROMETIDA CON LA EXCELENCIA EN EL REFINAMIENTO DE UNA AMPLIA GAMA DE METALES PRECIOSOS COMO EL ORO, LA PLATA Y LOS METALES DEL GRUPO DEL PLATINO.<br \/>\n<\/span><\/p>\n<p>&nbsp;<\/p>\n<\/div>\n<p>[\/vc_column_text]<div class=\"clearboth\"><\/div><div class=\"gem-divider \" style=\"margin-top: 50px;\"><\/div>[vc_column_text css_animation=&#8221;bottom-to-top&#8221;]Como l\u00edder de la industria, llevamos nuestro preciso proceso de refinaci\u00f3n a <strong>joyer\u00edas, casas de empe\u00f1o, compradores de oro, consultorios dentales y otras industrias<\/strong> &#8211; a trav\u00e9s del mundo.<\/p>\n<p>Nuestro continuo \u00e9xito en la industria de refinaci\u00f3n de metales preciosos puede atribuirse mejor a nuestro excepcional nivel de detalle y a nuestra incomparable experiencia t\u00e9cnica.<\/p>\n<p>Core Scientific entiende la necesidad de ganar y mantener su confianza. Por eso nos dedicamos a un servicio al cliente superior y a ofrecer mayores beneficios que nuestros competidores.<\/p>\n<p>Para asegurarnos de que est\u00e9 satisfecho con nuestro servicio, Core Scientific ha reunido a los mejores asociados de ventas y servicio al cliente de la industria. Ellos le guiar\u00e1n a lo largo del proceso, desde la programaci\u00f3n del env\u00edo de su contenedor hasta el r\u00e1pido procesamiento de su liquidaci\u00f3n.[\/vc_column_text]<div class=\"clearboth\"><\/div><div class=\"gem-divider \" style=\"margin-top: 50px;\"><\/div>[\/vc_column][vc_column disable_custom_paddings_tablet=&#8221;true&#8221; disable_custom_paddings_mobile=&#8221;true&#8221; css=&#8221;.vc_custom_1591634017138{margin-top: 0px !important;margin-bottom: 0px !important;padding-top: 200px !important;padding-right: 80px !important;padding-bottom: 200px !important;padding-left: 80px !important;background-image: url(http:\/\/core-scientific.com\/es\/wp-content\/uploads\/2020\/05\/stoking-800&#215;450-1.png?id=25333) !important;background-position: center !important;background-repeat: no-repeat !important;background-size: cover !important;}&#8221; offset=&#8221;vc_col-lg-6 vc_col-md-12 vc_hidden-md vc_hidden-sm vc_col-xs-12 vc_hidden-xs&#8221;][\/vc_column][\/vc_row][vc_row full_width=&#8221;stretch_row_content_no_spaces&#8221; equal_height=&#8221;yes&#8221; content_placement=&#8221;middle&#8221; css=&#8221;.vc_custom_1587117544301{margin-bottom: 0px !important;}&#8221;][vc_column css=&#8221;.vc_custom_1590682748661{margin-top: 0px !important;margin-bottom: 0px !important;padding-top: 250px !important;padding-bottom: 250px !important;background-image: url(http:\/\/core-scientific.com\/es\/wp-content\/uploads\/2020\/05\/IMG_1244-1200&#215;800-1.jpg?id=25322) !important;background-position: center !important;background-repeat: no-repeat !important;background-size: cover !important;}&#8221; offset=&#8221;vc_col-lg-6 vc_col-md-12 vc_col-xs-12&#8243;][\/vc_column][vc_column disable_custom_paddings_tablet=&#8221;true&#8221; disable_custom_paddings_mobile=&#8221;true&#8221; css=&#8221;.vc_custom_1554909805203{margin-top: 0px !important;margin-bottom: 0px !important;padding-top: 90px !important;padding-right: 80px !important;padding-bottom: 80px !important;padding-left: 80px !important;}&#8221; offset=&#8221;vc_col-lg-6 vc_col-md-12 vc_col-xs-12&#8243;][vc_column_text css_animation=&#8221;bottom-to-top&#8221;]<\/p>\n<div class=\"title-h5\"><span class=\"light\">UN SERVICIO SUPERIOR PARA SATISFACER SUS NECESIDADES<br \/>\n<\/span><\/div>\n<p>[\/vc_column_text]<div class=\"clearboth\"><\/div><div class=\"gem-divider \" style=\"margin-top: 10px;\"><\/div>[vc_column_text css_animation=&#8221;bottom-to-top&#8221; el_class=&#8221;uppercase-disable&#8221;]<\/p>\n<div class=\"title-h1\">\n<h2>EL 96% DE LOS CLIENTES QUE NOS HAN ELEGIDO, SE QUEDAN CON NOSOTROS<\/h2>\n<\/div>\n<p>[\/vc_column_text]<div class=\"clearboth\"><\/div><div class=\"gem-divider \" style=\"margin-top: 70px;\"><\/div>[vc_column_text css_animation=&#8221;bottom-to-top&#8221;]Core Scientific se compromete a proporcionar a la industria dental y de la joyer\u00eda el servicio de refinado de metales preciosos de m\u00e1s alta calidad en el negocio. Nuestro proceso de refinado de metales preciosos y las t\u00e9cnicas de fusi\u00f3n reflejan los m\u00e1s altos est\u00e1ndares posibles de precisi\u00f3n y consistencia. Cuando usted env\u00eda su material de desecho a Core Scientific, nuestro laboratorio interno modernizado est\u00e0 dedicado a obtener el mayor rendimiento posible para usted. De hecho, creemos verdaderamente que cuando usted refina con nosotros, recibe m\u00e1s dinero que con su refinador actual.[\/vc_column_text]<div class=\"clearboth\"><\/div><div class=\"gem-divider \" style=\"margin-top: 50px;\"><\/div>[\/vc_column][\/vc_row][vc_row full_width=&#8221;stretch_row&#8221; equal_height=&#8221;yes&#8221; content_placement=&#8221;middle&#8221; parallax=&#8221;content-moving&#8221; parallax_image=&#8221;27094&#8243; parallax_speed_bg=&#8221;1.0&#8243; css=&#8221;.vc_custom_1590690783159{margin-top: 30px !important;margin-bottom: 30px !important;background: #ffffff url(http:\/\/core-scientific.com\/es\/wp-content\/uploads\/2020\/05\/background-ctaj.jpg?id=25334);}&#8221; custom_css_code=&#8221;LmdlbS10ZXh0Ym94LWlubmVyJTIwJTdCJTBBJTIwJTIwJTIwJTIwb3ZlcmZsb3clM0ElMjB2aXNpYmxlJTNCJTBBJTdEJTBBLmdlbS10ZXh0Ym94LWNvbnRlbnQlN0IlMEElMjAlMjAlMjAlMjBiYWNrZ3JvdW5kLXNpemUlM0ElMjBpbml0aWFsJTIwJTIxaW1wb3J0YW50JTNCJTBBJTdE&#8221;][vc_column css=&#8221;.vc_custom_1580815263077{margin-top: 0px !important;margin-bottom: 0px !important;padding-top: 0px !important;padding-bottom: 0px !important;}&#8221;][vc_row_inner css=&#8221;.vc_custom_1586773151258{margin-bottom: 0px !important;}&#8221;][vc_column_inner width=&#8221;1\/6&#8243; offset=&#8221;vc_hidden-md vc_hidden-sm vc_hidden-xs&#8221;][\/vc_column_inner][vc_column_inner offset=&#8221;vc_col-lg-8&#8243; css=&#8221;.vc_custom_1585129683683{padding-top: 35px !important;padding-right: 21px !important;padding-left: 21px !important;}&#8221;]<div class=\"gem-textbox centered-box\" ><div class=\"gem-textbox-inner\" style=\"\"><div class=\"gem-textbox-content\" style=\"background-repeat: no-repeat; background-size: contain;background-position: center top;padding-top: 0px;padding-bottom: 0px;padding-left: 0px;padding-right: 0px;\"><div class=\"clearboth\"><\/div><div class=\"gem-divider \" style=\"margin-top: 20px;\"><\/div>[vc_column_text]<\/p>\n<h1 style=\"text-align: center;\"><span style=\"color: #ffffff;\">SOLICITAR UN CONTENEDOR<\/span><\/h1>\n<p>[\/vc_column_text]<div class=\"gem-button-container gem-button-position-center\"><a class=\"gem-button gem-button-size-medium gem-button-style-flat gem-button-text-weight-normal\" style=\"border-radius: 5px;background-color: #0a6736;color: #ffffff;\" onmouseleave=\"this.style.backgroundColor='#0a6736';this.style.color='#ffffff';\" onmouseenter=\"this.style.backgroundColor='#dd9933';this.style.color='#ffffff';\" href=\"http:\/\/core-scientific.com\/es\/request-a-container\/\" target=\"_self\">EMPEZAR<\/a><\/div> <\/div><\/div><\/div>[\/vc_column_inner][vc_column_inner width=&#8221;1\/6&#8243; offset=&#8221;vc_hidden-md vc_hidden-sm vc_hidden-xs&#8221;][\/vc_column_inner][\/vc_row_inner][\/vc_column][\/vc_row][vc_row el_id=&#8221;details&#8221;][vc_column offset=&#8221;vc_hidden-lg vc_hidden-md vc_hidden-sm vc_hidden-xs&#8221;]<div class=\"clearboth\"><\/div><div class=\"gem-divider \" style=\"margin-top: 40px;\"><\/div>[vc_column_text css_animation=&#8221;none&#8221;]<\/p>\n<div class=\"title-h2\" style=\"text-align: center;\">sCRAP REFINING PROGRAMS BY INDUSTRY<\/div>\n<p>[\/vc_column_text]<div class=\"clearboth\"><\/div><div class=\"gem-divider \" style=\"margin-top: 40px;\"><\/div>[\/vc_column][\/vc_row][vc_row][vc_column width=&#8221;1\/4&#8243; offset=&#8221;vc_hidden-lg vc_hidden-md vc_hidden-sm vc_hidden-xs&#8221;][vc_raw_html]JTA5JTNDZGl2JTIwb25jbGljayUzRCUyMndpbmRvdy5sb2NhdGlvbi5ocmVmJTNEJTI3aHR0cCUzQSUyRiUyRmNvcmUtc2NpZW50aWZpYy5jb20lMkZlcyUyRmRlbnRhbC1zY3JhcC1yZWZpbmluZyUyRiUyNyUzQiUyMiUyMGNsYXNzJTNEJTIyd3BiX3RleHRfY29sdW1uJTIwd3BiX2NvbnRlbnRfZWxlbWVudCUyMCUyMHdwYl9hbmltYXRlX3doZW5fYWxtb3N0X3Zpc2libGUlMjB3cGJfZmFkZUluJTIwZmFkZUluJTIyJTIwJTNFJTBBJTBBJTNDZGl2JTIwaWQlM0QlMjJob3ZlcmRpdnRlc3QlMjIlMjBzdHlsZSUzRCUyMmJvcmRlciUzQSUyMDFweCUyMHNvbGlkJTIwJTIzZGZlNWU4JTNCJTIyJTNFJTBBJTNDYSUyMGhyZWYlM0QlMjIlMjMxJTIyJTNFJTBBJTNDZGl2JTNFJTBBJTNDcCUyMHN0eWxlJTNEJTIydGV4dC1hbGlnbiUzQSUyMGNlbnRlciUzQiUyMHBhZGRpbmctdG9wJTNBMTBweCUzQiUyMiUzRSUzQ2ltZyUyMGNsYXNzJTNEJTIyYWxpZ25ub25lJTIwd3AtaW1hZ2UtMjQ4ODclMjAlMjIlMjBzcmMlM0QlMjJodHRwJTNBJTJGJTJGY29yZS1zY2llbnRpZmljLmNvbSUyRmVzJTJGd3AtY29udGVudCUyRnVwbG9hZHMlMkYyMDIwJTJGMDIlMkZJY29uLWRlbnRpc3QucG5nJTIyJTIwYWx0JTNEJTIyJTIyJTIwd2lkdGglM0QlMjI5MSUyMiUyMGhlaWdodCUzRCUyMjkxJTIyJTIwJTJGJTNFJTNDJTJGcCUzRSUwQSUwQSUzQ2g1JTIwc3R5bGUlM0QlMjJ0ZXh0LWFsaWduJTNBJTIwY2VudGVyJTNCJTIwbWFyZ2luLXRvcCUzQS0xNXB4JTNCJTIyJTNFJTNDc3BhbiUyMGNsYXNzJTNEJTIybGlnaHQlMjIlMjBzdHlsZSUzRCUyMmNvbG9yJTNBJTIwJTIzM2MzOTUwJTNCJTIyJTNFRGVudGFsJTIwUmVmaW5pbmclM0MlMkZzcGFuJTNFJTNDJTJGaDUlM0UlMEElM0MlMkZkaXYlM0UlMEElM0MlMkZhJTNFJTBBJTNDJTJGZGl2JTNFJTNDJTJGZGl2JTNF[\/vc_raw_html]<div class=\"clearboth\"><\/div><div class=\"gem-divider \" style=\"margin-top: 30px;\"><\/div>[\/vc_column][vc_column width=&#8221;1\/4&#8243; offset=&#8221;vc_hidden-lg vc_hidden-md vc_hidden-sm vc_hidden-xs&#8221;][vc_raw_html]JTA5JTNDZGl2JTIwb25jbGljayUzRCUyMndpbmRvdy5sb2NhdGlvbi5ocmVmJTNEJTI3aHR0cCUzQSUyRiUyRmNvcmUtc2NpZW50aWZpYy5jb20lMkZlcyUyRmRlbnRhbC1sYWItcmVmaW5pbmclMkYlMjclM0IlMjIlMjAlMjBjbGFzcyUzRCUyMndwYl90ZXh0X2NvbHVtbiUyMHdwYl9jb250ZW50X2VsZW1lbnQlMjAlMjB3cGJfYW5pbWF0ZV93aGVuX2FsbW9zdF92aXNpYmxlJTIwd3BiX2ZhZGVJbiUyMGZhZGVJbiUyMiUyMCUzRSUzQ2RpdiUyMGlkJTNEJTIyaG92ZXJkaXZ0ZXN0JTIyJTIwc3R5bGUlM0QlMjJib3JkZXIlM0ElMjAxcHglMjBzb2xpZCUyMCUyM2RmZTVlOCUzQiUyMiUzRSUwQSUzQ2ElMjBocmVmJTNEJTIyJTIzMSUyMiUzRSUwQSUzQ2RpdiUzRSUwQSUzQ3AlMjBzdHlsZSUzRCUyMnRleHQtYWxpZ24lM0ElMjBjZW50ZXIlM0IlMjAlMjBwYWRkaW5nLXRvcCUzQTEwcHglM0IlMjIlM0UlM0NpbWclMjBjbGFzcyUzRCUyMmFsaWdubm9uZSUyMHdwLWltYWdlLTI0ODg3JTIwJTIyJTIwc3JjJTNEJTIyaHR0cCUzQSUyRiUyRmNvcmUtc2NpZW50aWZpYy5jb20lMkZlcyUyRndwLWNvbnRlbnQlMkZ1cGxvYWRzJTJGMjAyMCUyRjAyJTJGZGVudGFsLWxhYi1pY29uLnBuZyUyMiUyMGFsdCUzRCUyMiUyMiUyMHdpZHRoJTNEJTIyOTElMjIlMjBoZWlnaHQlM0QlMjI5MSUyMiUyMCUyRiUzRSUzQyUyRnAlM0UlMEElMEElM0NoNSUyMHN0eWxlJTNEJTIydGV4dC1hbGlnbiUzQSUyMGNlbnRlciUzQm1hcmdpbi10b3AlM0EtMTVweCUzQiUyMiUzRSUzQ3NwYW4lMjBjbGFzcyUzRCUyMmxpZ2h0JTIyJTIwc3R5bGUlM0QlMjJjb2xvciUzQSUyMCUyMzNjMzk1MCUzQiUyMiUzRURFTlRBTCUyMExBQlMlMjBSRUZJTklORyUzQyUyRnNwYW4lM0UlM0MlMkZoNSUzRSUwQSUzQyUyRmRpdiUzRSUwQSUzQyUyRmElM0UlMEElM0MlMkZkaXYlM0UlM0MlMkZkaXYlM0U=[\/vc_raw_html]<div class=\"clearboth\"><\/div><div class=\"gem-divider \" style=\"margin-top: 30px;\"><\/div>[\/vc_column][vc_column width=&#8221;1\/4&#8243; offset=&#8221;vc_hidden-lg vc_hidden-md vc_hidden-sm vc_hidden-xs&#8221;][vc_raw_html]JTA5JTNDZGl2JTIwb25jbGljayUzRCUyMndpbmRvdy5sb2NhdGlvbi5ocmVmJTNEJTI3aHR0cCUzQSUyRiUyRmNvcmUtc2NpZW50aWZpYy5jb20lMkZlcyUyRnJlZmluaW5nLWZvci1qZXdlbHJ5LWFuZC1wYXduc2hvcHMlMkYlMjclM0IlMjIlMjAlMjBjbGFzcyUzRCUyMndwYl90ZXh0X2NvbHVtbiUyMHdwYl9jb250ZW50X2VsZW1lbnQlMjAlMjB3cGJfYW5pbWF0ZV93aGVuX2FsbW9zdF92aXNpYmxlJTIwd3BiX2ZhZGVJbiUyMGZhZGVJbiUyMiUyMCUzRSUzQ2RpdiUyMGlkJTNEJTIyaG92ZXJkaXZ0ZXN0JTIyJTIwc3R5bGUlM0QlMjJib3JkZXIlM0ElMjAxcHglMjBzb2xpZCUyMCUyM2RmZTVlOCUzQiUyMiUzRSUwQSUzQ2ElMjBocmVmJTNEJTIyJTIzMSUyMiUzRSUwQSUzQ2RpdiUzRSUwQSUzQ3AlMjBzdHlsZSUzRCUyMnRleHQtYWxpZ24lM0ElMjBjZW50ZXIlM0IlMjBwYWRkaW5nLXRvcCUzQTEwcHglM0IlMjIlM0UlM0NpbWclMjBjbGFzcyUzRCUyMmFsaWdubm9uZSUyMHdwLWltYWdlLTI0ODg3JTIwJTIyJTIwc3JjJTNEJTIyaHR0cCUzQSUyRiUyRmNvcmUtc2NpZW50aWZpYy5jb20lMkZlcyUyRndwLWNvbnRlbnQlMkZ1cGxvYWRzJTJGMjAyMCUyRjA1JTJGUGF3bnNob3AtaWNvbi5wbmclMjIlMjBhbHQlM0QlMjIlMjIlMjB3aWR0aCUzRCUyMjkxJTIyJTIwaGVpZ2h0JTNEJTIyOTElMjIlMjAlMkYlM0UlM0MlMkZwJTNFJTBBJTBBJTNDaDUlMjBzdHlsZSUzRCUyMnRleHQtYWxpZ24lM0ElMjBjZW50ZXIlM0JtYXJnaW4tdG9wJTNBLTE1cHglM0IlMjIlM0UlM0NzcGFuJTIwY2xhc3MlM0QlMjJsaWdodCUyMiUyMHN0eWxlJTNEJTIyY29sb3IlM0ElMjAlMjMzYzM5NTAlM0IlMjIlM0VQQVdOU0hPUFMlMjBSRUZJTklORyUzQyUyRnNwYW4lM0UlM0MlMkZoNSUzRSUwQSUzQyUyRmRpdiUzRSUwQSUzQyUyRmElM0UlMEElM0MlMkZkaXYlM0UlM0MlMkZkaXYlM0U=[\/vc_raw_html]<div class=\"clearboth\"><\/div><div class=\"gem-divider \" style=\"margin-top: 30px;\"><\/div>[\/vc_column][vc_column width=&#8221;1\/4&#8243; offset=&#8221;vc_hidden-lg vc_hidden-md vc_hidden-sm vc_hidden-xs&#8221;][vc_raw_html]JTA5JTNDZGl2JTIwb25jbGljayUzRCUyMndpbmRvdy5sb2NhdGlvbi5ocmVmJTNEJTI3aHR0cCUzQSUyRiUyRmNvcmUtc2NpZW50aWZpYy5jb20lMkZlcyUyRnJlZmluaW5nLWZvci1qZXdlbHJ5LWFuZC1wYXduc2hvcHMlMkYlMjclM0IlMjIlMjAlMjBjbGFzcyUzRCUyMndwYl90ZXh0X2NvbHVtbiUyMHdwYl9jb250ZW50X2VsZW1lbnQlMjAlMjB3cGJfYW5pbWF0ZV93aGVuX2FsbW9zdF92aXNpYmxlJTIwd3BiX2ZhZGVJbiUyMGZhZGVJbiUyMiUyMCUzRSUzQ2RpdiUyMGlkJTNEJTIyaG92ZXJkaXZ0ZXN0JTIyJTIwc3R5bGUlM0QlMjJib3JkZXIlM0ElMjAxcHglMjBzb2xpZCUyMCUyM2RmZTVlOCUzQiUyMiUzRSUwQSUzQ2ElMjBocmVmJTNEJTIyJTIzMSUyMiUzRSUwQSUzQ2RpdiUzRSUwQSUzQ3AlMjBzdHlsZSUzRCUyMnRleHQtYWxpZ24lM0ElMjBjZW50ZXIlM0IlMjBwYWRkaW5nLXRvcCUzQTEwcHglM0IlMjIlM0UlM0NpbWclMjBjbGFzcyUzRCUyMmFsaWdubm9uZSUyMHdwLWltYWdlLTI0ODg3JTIwJTIyJTIwc3JjJTNEJTIyaHR0cCUzQSUyRiUyRmNvcmUtc2NpZW50aWZpYy5jb20lMkZlcyUyRndwLWNvbnRlbnQlMkZ1cGxvYWRzJTJGMjAyMCUyRjAyJTJGaWNvbi1qZXdlcmx5LnBuZyUyMiUyMGFsdCUzRCUyMiUyMiUyMHdpZHRoJTNEJTIyOTElMjIlMjBoZWlnaHQlM0QlMjI5MSUyMiUyMCUyRiUzRSUzQyUyRnAlM0UlMEElMEElM0NoNSUyMHN0eWxlJTNEJTIydGV4dC1hbGlnbiUzQSUyMGNlbnRlciUzQm1hcmdpbi10b3AlM0EtMTVweCUzQiUyMiUzRSUzQ3NwYW4lMjBjbGFzcyUzRCUyMmxpZ2h0JTIyJTIwc3R5bGUlM0QlMjJjb2xvciUzQSUyMCUyMzNjMzk1MCUzQiUyMiUzRUpFV0VMUlklMjBSRUZJTklORyUzQyUyRnNwYW4lM0UlM0MlMkZoNSUzRSUwQSUzQyUyRmRpdiUzRSUwQSUzQyUyRmElM0UlMEElM0MlMkZkaXYlM0UlM0MlMkZkaXYlM0U=[\/vc_raw_html]<div class=\"clearboth\"><\/div><div class=\"gem-divider \" style=\"margin-top: 30px;\"><\/div>[\/vc_column][vc_column]<div class=\"clearboth\"><\/div><div class=\"gem-divider \" style=\"margin-top: 40px;\"><\/div>[\/vc_column][\/vc_row][vc_row full_width=&#8221;stretch_row_content_no_spaces&#8221; equal_height=&#8221;yes&#8221; css=&#8221;.vc_custom_1457530984364{margin-bottom: 0px !important;}&#8221; el_class=&#8221;small-no-padding&#8221;][vc_column css_animation=&#8221;fadeIn&#8221; disable_custom_paddings_tablet=&#8221;true&#8221; disable_custom_paddings_mobile=&#8221;true&#8221; css=&#8221;.vc_custom_1609340260993{padding-top: 80px !important;padding-right: 20px !important;padding-bottom: 80px !important;padding-left: 80px !important;background-image: url(http:\/\/core-scientific.com\/es\/wp-content\/uploads\/2020\/02\/background-city.jpg?id=25229) !important;background-position: center !important;background-repeat: no-repeat !important;background-size: cover !important;}&#8221; offset=&#8221;vc_col-lg-6 vc_col-md-12 vc_col-xs-12&#8243; el_class=&#8221;media-no-padding&#8221;][vc_column_text css_animation=&#8221;bottom-to-top&#8221;]<\/p>\n<h2 style=\"text-align: center;\"><span style=\"color: #ffffff;\">Cont\u00e1ctanos<\/span><\/h2>\n<p>[\/vc_column_text]<div class=\"clearboth\"><\/div><div class=\"gem-divider \" style=\"margin-top: 40px;\"><\/div>[vc_row_inner css=&#8221;.vc_custom_1457527423288{margin-top: -3px !important;}&#8221;][vc_column_inner width=&#8221;1\/3&#8243; offset=&#8221;vc_col-lg-4 vc_col-md-4 vc_col-xs-12&#8243;]<div class=\"gem-icon-with-text gem-icon-with-text-icon-size-small gem-icon-with-text-flow\"><div style=\"margin-bottom:0px;margin-top:1px; \" class=\"gem-icon-with-text-icon\"><div class=\"gem-icon gem-icon-pack-elegant gem-icon-size-small  gem-icon-shape-square gem-simple-icon\" style=\"opacity: 1;\"><div class=\"gem-icon-inner\" style=\"\"><span class=\"gem-icon-half-1\" style=\"color: #00bcd4;\"><span class=\"back-angle\">&#xe081;<\/span><\/span><span class=\"gem-icon-half-2\" style=\"color: #00bcd4;\"><span class=\"back-angle\">&#xe081;<\/span><\/span><\/div><\/div><\/div><div class=\"gem-icon-with-text-content\" ><div class=\"gem-icon-with-text-text\">[vc_column_text css_animation=&#8221;bottom-to-top&#8221;]<span style=\"color: #ffffff;\">Direcci\u00f3n:<\/span><\/p>\n<p><span style=\"color: #ffffff;\">700 Industrial Drive, Ste K<\/span><\/p>\n<p><span style=\"color: #ffffff;\">Cary IL<\/span><\/p>\n<p><span style=\"color: #ffffff;\">60013, Estados Unidos<\/span>[\/vc_column_text]<\/div><\/div><div class=\"clearboth\"><\/div><\/div>[\/vc_column_inner][vc_column_inner width=&#8221;1\/3&#8243; disable_custom_paddings_tablet=&#8221;true&#8221; disable_custom_paddings_mobile=&#8221;true&#8221; offset=&#8221;vc_col-lg-4 vc_col-md-4 vc_col-xs-12&#8243; css=&#8221;.vc_custom_1554905212742{padding-left: 20px !important;}&#8221;]<div class=\"gem-icon-with-text gem-icon-with-text-icon-size-small\"><div style=\"margin-bottom:0px;margin-top:0px; \" class=\"gem-icon-with-text-icon\"><div class=\"gem-icon gem-icon-pack-elegant gem-icon-size-small  gem-icon-shape-square gem-simple-icon\" style=\"opacity: 1;\"><div class=\"gem-icon-inner\" style=\"\"><span class=\"gem-icon-half-1\" style=\"color: #00bcd4;\"><span class=\"back-angle\">&#xe027;<\/span><\/span><span class=\"gem-icon-half-2\" style=\"color: #00bcd4;\"><span class=\"back-angle\">&#xe027;<\/span><\/span><\/div><\/div><\/div><div class=\"gem-icon-with-text-content\" ><div class=\"gem-icon-with-text-text\">[vc_column_text css_animation=&#8221;bottom-to-top&#8221;]<span style=\"color: #ffffff;\">Tel\u00e9fono:<\/span><\/p>\n<p><span style=\"color: #ffffff;\">866-660-4631<\/span>[\/vc_column_text]<\/div><\/div><div class=\"clearboth\"><\/div><\/div>[\/vc_column_inner][vc_column_inner width=&#8221;1\/3&#8243; disable_custom_paddings_tablet=&#8221;true&#8221; disable_custom_paddings_mobile=&#8221;true&#8221; offset=&#8221;vc_col-lg-4 vc_col-md-4 vc_col-xs-12&#8243; css=&#8221;.vc_custom_1554905219036{padding-left: 20px !important;}&#8221;]<div class=\"gem-icon-with-text gem-icon-with-text-icon-size-small gem-icon-with-text-flow\"><div style=\"margin-bottom:0px;margin-top:0px; \" class=\"gem-icon-with-text-icon\"><div class=\"gem-icon gem-icon-pack-elegant gem-icon-size-small  gem-icon-shape-square gem-simple-icon\" style=\"opacity: 1;\"><div class=\"gem-icon-inner\" style=\"\"><span class=\"gem-icon-half-1\" style=\"color: #00bcd4;\"><span class=\"back-angle\">&#xe023;<\/span><\/span><span class=\"gem-icon-half-2\" style=\"color: #00bcd4;\"><span class=\"back-angle\">&#xe023;<\/span><\/span><\/div><\/div><\/div><div class=\"gem-icon-with-text-content\" ><div class=\"gem-icon-with-text-text\">[vc_column_text css_animation=&#8221;bottom-to-top&#8221;]<span style=\"color: #ffffff;\">Horario:<\/span><\/p>\n<p><span style=\"color: #ffffff;\">De Lunes a Viernes: 9:00 &#8211; 5:00<\/span><\/p>\n<p><span style=\"color: #ffffff;\">S\u00e1bado y Domingo: Cerrado<\/span><\/p>\n<p>[\/vc_column_text]<\/div><\/div><div class=\"clearboth\"><\/div><\/div>[\/vc_column_inner][\/vc_row_inner][\/vc_column][vc_column css_animation=&#8221;fadeIn&#8221; offset=&#8221;vc_col-lg-6 vc_col-md-12 vc_hidden-md vc_hidden-sm vc_col-xs-12 vc_hidden-xs&#8221;]<div class=\"gem-map-with-text\"><div class=\"gem-map-with-text-content\" style=\"\"><\/div><div class=\"gem-map-with-text-map grayscale\">[vc_gmaps link=\"#E-8_aHR0cHMlM0ElMkYlMkZ3d3cuZ29vZ2xlLmNvbSUyRm1hcHMlMkZlbWJlZCUzRnBiJTNEJTIxMW0xOCUyMTFtMTIlMjExbTMlMjExZDI5NTQuOTA0NDg2NTM4MDg3JTIxMmQtODguMjU5NTM0Njg0NzMzNzIlMjEzZDQyLjIxNjQ4NTk3OTE5NjcyNiUyMTJtMyUyMTFmMCUyMTJmMCUyMTNmMCUyMTNtMiUyMTFpMTAyNCUyMTJpNzY4JTIxNGYxMy4xJTIxM20zJTIxMW0yJTIxMXMweDg4MDU4YmY2ZWRiMWQxMDElMjUzQTB4ZGY5ZmZmMzFiYWQwODBkZSUyMTJzQ29yZSUyNTIwU2NpZW50aWZpYyUyNTIwUHJlY2lvdXMlMjUyME1ldGFscyUyNTIwUmVmaW5lcnklMjE1ZTAlMjEzbTIlMjExc2VuJTIxMnN1cyUyMTR2MTU4MjkwODM4NTk4NiUyMTVtMiUyMTFzZW4lMjEyc3Vz\" size=\"646\" disable_scroll=\"1\"]<\/div><\/div>[\/vc_column][\/vc_row]<\/p>\n","protected":false},"excerpt":{"rendered":"<p>[vc_row content_placement=&#8221;top&#8221;][vc_column width=&#8221;1\/4&#8243;][vc_row_inner][vc_column_inner width=&#8221;1\/6&#8243;][\/vc_column_inner][vc_column_inner width=&#8221;1\/6&#8243;][\/vc_column_inner][\/vc_row_inner][\/vc_column][vc_column width=&#8221;1\/4&#8243;][\/vc_column][vc_column width=&#8221;2\/4&#8243;][vc_row_inner][vc_column_inner][vc_column_text] \u201c Tras d\u00e9cadas de experiencia en la industria de los metales preciosos, creamos&#8230;<\/p>\n","protected":false},"author":2,"featured_media":0,"parent":0,"menu_order":0,"comment_status":"closed","ping_status":"closed","template":"","meta":[],"yst_prominent_words":[137,123,138],"_links":{"self":[{"href":"https:\/\/core-scientific.com\/es\/wp-json\/wp\/v2\/pages\/25314"}],"collection":[{"href":"https:\/\/core-scientific.com\/es\/wp-json\/wp\/v2\/pages"}],"about":[{"href":"https:\/\/core-scientific.com\/es\/wp-json\/wp\/v2\/types\/page"}],"author":[{"embeddable":true,"href":"https:\/\/core-scientific.com\/es\/wp-json\/wp\/v2\/users\/2"}],"replies":[{"embeddable":true,"href":"https:\/\/core-scientific.com\/es\/wp-json\/wp\/v2\/comments?post=25314"}],"version-history":[{"count":26,"href":"https:\/\/core-scientific.com\/es\/wp-json\/wp\/v2\/pages\/25314\/revisions"}],"predecessor-version":[{"id":25783,"href":"https:\/\/core-scientific.com\/es\/wp-json\/wp\/v2\/pages\/25314\/revisions\/25783"}],"wp:attachment":[{"href":"https:\/\/core-scientific.com\/es\/wp-json\/wp\/v2\/media?parent=25314"}],"wp:term":[{"taxonomy":"yst_prominent_words","embeddable":true,"href":"https:\/\/core-scientific.com\/es\/wp-json\/wp\/v2\/yst_prominent_words?post=25314"}],"curies":[{"name":"wp","href":"https:\/\/api.w.org\/{rel}","templated":true}]}}