{"id":25299,"date":"2020-05-27T15:07:31","date_gmt":"2020-05-27T15:07:31","guid":{"rendered":"http:\/\/core-scientific.com\/es\/?page_id=25299"},"modified":"2020-12-31T12:01:38","modified_gmt":"2020-12-31T12:01:38","slug":"pide-un-contenedor","status":"publish","type":"page","link":"https:\/\/core-scientific.com\/es\/pide-un-contenedor\/","title":{"rendered":"Pide un Contenedor"},"content":{"rendered":"<p>[vc_row full_width=&#8221;stretch_row&#8221; disable_element=&#8221;yes&#8221; css=&#8221;.vc_custom_1586206728295{margin-bottom: 0px !important;background-image: url(https:\/\/core-cremationrecycling.com\/wp-content\/uploads\/2018\/11\/2-4.jpg?id=24462) !important;background-position: center !important;background-repeat: no-repeat !important;background-size: cover !important;}&#8221;][vc_column][vc_row_inner disable_element=&#8221;yes&#8221;][vc_column_inner offset=&#8221;vc_col-md-6 vc_col-xs-12&#8243;][vc_column_text css_animation=&#8221;bottom-to-top&#8221;]<\/p>\n<h1>Over 500 Crematories<\/h1>\n<p>[\/vc_column_text]<div class=\"clearboth\"><\/div><div class=\"gem-divider \" style=\"margin-top: 10px;\"><\/div>[vc_column_text css_animation=&#8221;bottom-to-top&#8221;]<\/p>\n<h4><span class=\"light\">trust us<\/span><\/h4>\n<p>[\/vc_column_text]<div class=\"clearboth\"><\/div><div class=\"gem-divider \" style=\"margin-top: 10px;\"><\/div>[vc_column_text css_animation=&#8221;bottom-to-top&#8221;]Submit a request of container below to get started or contact us directly for immediate needs:\u00a0 866-660-4631<\/p>\n<p>With over 500 crematories across the world trusting us, you are just steps away from our STEP Program to optimize your recycling process with Security, Transparency, Education and Processing.[\/vc_column_text]<div class=\"clearboth\"><\/div><div class=\"gem-divider \" style=\"margin-top: 50px;\"><\/div>[\/vc_column_inner][vc_column_inner offset=&#8221;vc_col-md-6 vc_col-xs-12&#8243;]<div class=\"clearboth\"><\/div><div class=\"gem-divider \" style=\"margin-top: 15px;\"><\/div>[vc_round_chart type=&#8221;doughnut&#8221; stroke_width=&#8221;2&#8243; stroke_color=&#8221;custom&#8221; values=&#8221;%5B%7B%22title%22%3A%22Over%20500%20Crematories%20Trust%20Us%22%2C%22value%22%3A%22500%22%2C%22color%22%3A%22turquoise%22%7D%2C%7B%22title%22%3A%22May%20Increase%20300%25%20in%20Returns%20With%20Us%22%2C%22value%22%3A%22300%22%2C%22color%22%3A%22blue%22%7D%2C%7B%22title%22%3A%2299%25%20Customer%20Satisfaction%20%22%2C%22value%22%3A%2299%22%2C%22color%22%3A%22green%22%2C%22custom_color%22%3A%22%23cec2ab%22%7D%5D&#8221;][vc_progress_bar values=&#8221;%5B%7B%22label%22%3A%22%20Over%20500%20Crematories%20Trust%20Us%22%2C%22value%22%3A%22500%22%7D%2C%7B%22label%22%3A%22May%20Increase%20300%25%20in%20Returns%20With%20Us%22%2C%22value%22%3A%22500%22%7D%2C%7B%22label%22%3A%2299%25%20Customer%20Satisfaction%22%2C%22value%22%3A%2299%22%7D%5D&#8221; bgcolor=&#8221;bar_green&#8221;][\/vc_column_inner][\/vc_row_inner][vc_row_inner][vc_column_inner offset=&#8221;vc_hidden-xs&#8221;]<div class=\"clearboth\"><\/div><div class=\"gem-divider \" style=\"margin-top: 110px;\"><\/div>[\/vc_column_inner][\/vc_row_inner][\/vc_column][\/vc_row][vc_row full_width=&#8221;stretch_row&#8221; css_animation=&#8221;bottom-to-top&#8221; css=&#8221;.vc_custom_1543844406325{margin-bottom: 0px !important;background-color: #f0f3f2 !important;}&#8221; el_id=&#8221;contact-us&#8221;][vc_column][vc_row_inner][vc_column_inner offset=&#8221;vc_hidden-xs&#8221;]<div class=\"clearboth\"><\/div><div class=\"gem-divider \" style=\"margin-top: 80px;\"><\/div>[\/vc_column_inner][\/vc_row_inner][vc_column_text css_animation=&#8221;bottom-to-top&#8221;]<\/p>\n<h2 style=\"text-align: center;\">PIDE UN CONTENEDOR<\/h2>\n<p style=\"text-align: center;\">Recuerda, \u00a1cubrimos todos los gastos de env\u00edo!<\/p>\n<p>[\/vc_column_text][vc_row_inner][vc_column_inner offset=&#8221;vc_hidden-xs&#8221;]<div class=\"clearboth\"><\/div><div class=\"gem-divider \" style=\"margin-top: 40px;\"><\/div>[\/vc_column_inner][\/vc_row_inner]<div role=\"form\" class=\"wpcf7\" id=\"wpcf7-f6-o1\" lang=\"en\" dir=\"ltr\">\n<div class=\"screen-reader-response\"><p role=\"status\" aria-live=\"polite\" aria-atomic=\"true\"><\/p> <ul><\/ul><\/div>\n<form action=\"\/es\/wp-json\/wp\/v2\/pages\/25299#wpcf7-f6-o1\" method=\"post\" class=\"wpcf7-form init gem-contact-form-white\" novalidate=\"novalidate\" data-status=\"init\">\n<div style=\"display: none;\">\n<input type=\"hidden\" name=\"_wpcf7\" value=\"6\" \/>\n<input type=\"hidden\" name=\"_wpcf7_version\" value=\"5.6\" \/>\n<input type=\"hidden\" name=\"_wpcf7_locale\" value=\"en\" \/>\n<input type=\"hidden\" name=\"_wpcf7_unit_tag\" value=\"wpcf7-f6-o1\" \/>\n<input type=\"hidden\" name=\"_wpcf7_container_post\" value=\"0\" \/>\n<input type=\"hidden\" name=\"_wpcf7_posted_data_hash\" value=\"\" \/>\n<\/div>\n<div class=\"row\">\n<div class=\"form-line col-lg-4 col-md-4 col-xs-12\">\n<div class=\"gem-form-icon-name\"><span class=\"wpcf7-form-control-wrap\" data-name=\"your-name\"><input type=\"text\" name=\"your-name\" value=\"\" size=\"40\" class=\"wpcf7-form-control wpcf7-text wpcf7-validates-as-required\" aria-required=\"true\" aria-invalid=\"false\" placeholder=\"Nombre*\" \/><\/span><\/div>\n<\/div>\n<div class=\"form-line col-lg-4 col-md-4 col-xs-12\">\n<div class=\"\"><span class=\"wpcf7-form-control-wrap\" data-name=\"your-companyname\"><input type=\"text\" name=\"your-companyname\" value=\"\" size=\"40\" class=\"wpcf7-form-control wpcf7-text wpcf7-validates-as-required\" aria-required=\"true\" aria-invalid=\"false\" placeholder=\"Nombre de la empresa*\" \/><\/span><\/div>\n<\/div>\n<div class=\"form-line col-lg-4 col-md-4 col-xs-12\">\n<div class=\"gem-form-icon-email\"><span class=\"wpcf7-form-control-wrap\" data-name=\"your-email\"><input type=\"text\" name=\"your-email\" value=\"\" size=\"40\" class=\"wpcf7-form-control wpcf7-text\" aria-invalid=\"false\" placeholder=\"Correo electr\u00f3nico*\" \/><\/span><\/div>\n<\/div>\n<div class=\"form-line col-lg-4 col-md-4 col-xs-12\">\n<div class=\"gem-form-icon-name\"><span class=\"wpcf7-form-control-wrap\" data-name=\"ship-to-attention\"><input type=\"text\" name=\"ship-to-attention\" value=\"\" size=\"40\" class=\"wpcf7-form-control wpcf7-text\" aria-invalid=\"false\" placeholder=\"Enviar a nombre de:\" \/><\/span><\/div>\n<\/div>\n<div class=\"form-line col-lg-4 col-md-4 col-xs-12\">\n<div ><span class=\"wpcf7-form-control-wrap\" data-name=\"your-phone\"><input type=\"text\" name=\"your-phone\" value=\"\" size=\"40\" class=\"wpcf7-form-control wpcf7-text wpcf7-validates-as-required\" aria-required=\"true\" aria-invalid=\"false\" placeholder=\"Tel\u00e9fono*\" \/><\/span><\/div>\n<\/div>\n<div class=\"form-line col-lg-4 col-md-4 col-xs-12\">\n<div class=\"gem-form-icon-website\"><span class=\"wpcf7-form-control-wrap\" data-name=\"your-website\"><input type=\"text\" name=\"your-website\" value=\"\" size=\"40\" class=\"wpcf7-form-control wpcf7-text\" aria-invalid=\"false\" placeholder=\"P\u00e1gina web\" \/><\/span><\/div>\n<\/div>\n<div class=\"form-line col-lg-12 col-md-12 col-xs-12\">\n<div><span class=\"wpcf7-form-control-wrap\" data-name=\"your-streetaddress\"><input type=\"text\" name=\"your-streetaddress\" value=\"\" size=\"40\" class=\"wpcf7-form-control wpcf7-text wpcf7-validates-as-required\" aria-required=\"true\" aria-invalid=\"false\" placeholder=\"Direcci\u00f3n*\" \/><\/span><\/div>\n<\/div>\n<div class=\"form-line col-lg-12 col-md-12 col-xs-12\">\n<div ><span class=\"wpcf7-form-control-wrap\" data-name=\"your-streetaddress2\"><input type=\"text\" name=\"your-streetaddress2\" value=\"\" size=\"40\" class=\"wpcf7-form-control wpcf7-text\" aria-invalid=\"false\" placeholder=\"Detalles adicionales*\" \/><\/span><\/div>\n<\/div>\n<div class=\"form-line col-lg-4 col-md-4 col-xs-12\">\n<div ><span class=\"wpcf7-form-control-wrap\" data-name=\"your-city\"><input type=\"text\" name=\"your-city\" value=\"\" size=\"40\" class=\"wpcf7-form-control wpcf7-text wpcf7-validates-as-required\" aria-required=\"true\" aria-invalid=\"false\" placeholder=\"Ciudad*\" \/><\/span><\/div>\n<\/div>\n<div class=\"form-line col-lg-4 col-md-4 col-xs-12\">\n<div ><span class=\"wpcf7-form-control-wrap\" data-name=\"your-state\"><input type=\"text\" name=\"your-state\" value=\"\" size=\"40\" class=\"wpcf7-form-control wpcf7-text wpcf7-validates-as-required\" aria-required=\"true\" aria-invalid=\"false\" placeholder=\"Provincia*\" \/><\/span><\/div>\n<\/div>\n<div class=\"form-line col-lg-4 col-md-4 col-xs-12\">\n<div ><span class=\"wpcf7-form-control-wrap\" data-name=\"your-zipcode\"><input type=\"text\" name=\"your-zipcode\" value=\"\" size=\"40\" class=\"wpcf7-form-control wpcf7-text wpcf7-validates-as-required\" aria-required=\"true\" aria-invalid=\"false\" placeholder=\"C\u00f3digo postal*\" \/><\/span><\/div>\n<\/div>\n<div class=\"form-line col-lg-12 col-md-12 col-xs-12\">\n<div >\u00bfQu\u00e9 tama\u00f1o de contenedor necesita? Escriba: Pinta, gal\u00f3n, cubo de 7 galones, otro. <span class=\"wpcf7-form-control-wrap\" data-name=\"your-container\"><input type=\"text\" name=\"your-container\" value=\"\" size=\"40\" class=\"wpcf7-form-control wpcf7-text\" aria-invalid=\"false\" placeholder=\"Contenedor\" \/><\/span><\/div>\n<\/div>\n<div class=\"form-line col-lg-12 col-md-12 col-xs-12\">\n<div >\u00bfC\u00f3mo deber\u00edamos entregar su etiqueta de env\u00edo gratuita? Escriba: Correo electr\u00f3nico, fax o correo f\u00edsico. <span class=\"wpcf7-form-control-wrap\" data-name=\"your-delivery\"><input type=\"text\" name=\"your-delivery\" value=\"\" size=\"40\" class=\"wpcf7-form-control wpcf7-text\" aria-invalid=\"false\" placeholder=\"Entrega Etiqueta de env\u00edo\" \/><\/span><\/div>\n<\/div>\n<div class=\"form-line col-lg-12 col-md-12 col-xs-12\">Fecha de recogida<br \/>\n<span class=\"wpcf7-form-control-wrap\" data-name=\"Date\"><input type=\"date\" name=\"Date\" value=\"\" class=\"wpcf7-form-control wpcf7-date wpcf7-validates-as-date\" aria-invalid=\"false\" \/><\/span><\/div>\n<div class=\"form-line col-lg-12 col-md-12 col-xs-12\">\nDescripci\u00f3n de materiales y mensaje a Core Scientific<br \/>\n<span class=\"wpcf7-form-control-wrap\" data-name=\"your-message\"><textarea name=\"your-message\" cols=\"40\" rows=\"10\" class=\"wpcf7-form-control wpcf7-textarea\" aria-invalid=\"false\" placeholder=\"Mensaje\"><\/textarea><\/span><\/div>\n<div class=\"form-line col-lg-12 col-md-12 col-xs-12\">\n<div ><span class=\"wpcf7-form-control-wrap\" data-name=\"your-howdidyou\"><input type=\"text\" name=\"your-howdidyou\" value=\"\" size=\"40\" class=\"wpcf7-form-control wpcf7-text wpcf7-validates-as-required\" aria-required=\"true\" aria-invalid=\"false\" placeholder=\"\u00bfC\u00f3mo supo de nosotros?\" \/><\/span><\/div>\n<\/div>\n<div class=\"col-lg-12 col-md-12 col-xs-12\"><div class=\"gem-button-container gem-button-position-center\"><input class=\"gem-button gem-button-size-medium gem-button-style-outline gem-button-text-weight-normal gem-button-border-3 wpcf7-form-control wpcf7-submit gem-button-wpcf-custom\" style=\"border-radius: 3px;border-color: #00bcd4;color: #00bcd4;\" onmouseleave=\"this.style.borderColor='#00bcd4';this.style.backgroundColor='transparent';this.style.color='#00bcd4';\" onmouseenter=\"this.style.backgroundColor='#00bcd4';this.style.color='#fff';\" id=\"\" tabindex=\"\" type=\"submit\" value=\"ENVIAR\" \/><\/div> <\/div>\n<\/div>\n<div class=\"wpcf7-response-output\" aria-hidden=\"true\"><\/div><\/form><\/div><div class=\"clearboth\"><\/div><div class=\"gem-divider \" style=\"margin-top: 95px;\"><\/div>[\/vc_column][\/vc_row][vc_row css_animation=&#8221;fadeIn&#8221; css=&#8221;.vc_custom_1543846513720{margin-bottom: 0px !important;}&#8221;][vc_column css=&#8221;.vc_custom_1461336118881{padding-top: 0px !important;}&#8221;]<div id=\"fullwidth-block-69d2714d7bcbd\" class=\"fullwidth-block fullwidth-block-parallax-vertical clearfix\" data-mobile-parallax-enable=\"0\" style=\"padding-top: 90px;padding-bottom: 100px;\"><script type=\"text\/javascript\">if (typeof(gem_fix_fullwidth_position) == \"function\") { gem_fix_fullwidth_position(document.getElementById(\"fullwidth-block-69d2714d7bcbd\")); }<\/script><div class=\"fullwidth-block-inner\"><div class=\"container\">[vc_column_text css_animation=&#8221;bottom-to-top&#8221;]<\/p>\n<div class=\"title-h2\" style=\"text-align: center;\">PONTE EN CONTACTO<\/div>\n<p>[\/vc_column_text]<div class=\"clearboth\"><\/div><div class=\"gem-divider \" style=\"margin-top: 30px;\"><\/div>[vc_column_text css_animation=&#8221;bottom-to-top&#8221;]<\/p>\n<p style=\"text-align: center;\">Puedes ponerte en contacto con nosotros ahora mismo llamando al:<\/p>\n<p style=\"text-align: center;\">866-660-4631<\/p>\n<p>[\/vc_column_text]<div class=\"clearboth\"><\/div><div class=\"gem-divider \" style=\"margin-top: 70px;\"><\/div>[vc_row_inner disable_custom_paddings_tablet=&#8221;true&#8221; disable_custom_paddings_mobile=&#8221;true&#8221; css=&#8221;.vc_custom_1542979284121{padding-right: 200px !important;padding-left: 200px !important;}&#8221;][vc_column_inner width=&#8221;1\/6&#8243; css=&#8221;.vc_custom_1461415526409{padding-top: 20px !important;}&#8221; offset=&#8221;vc_col-xs-6&#8243;][\/vc_column_inner][vc_column_inner width=&#8221;1\/6&#8243; css=&#8221;.vc_custom_1461415532592{padding-top: 20px !important;}&#8221; offset=&#8221;vc_col-xs-6&#8243;][\/vc_column_inner][vc_column_inner width=&#8221;1\/6&#8243; css=&#8221;.vc_custom_1461415562106{padding-top: 20px !important;}&#8221; offset=&#8221;vc_col-xs-6&#8243;]<div class=\"socials socials-list socials-colored-hover socials-rounded socials-alignment-center\"><a class=\"socials-item\" target=\"_blank\" href=\"https:\/\/www.linkedin.com\/company\/core-scientific\/\" style=\"color: #00bcd4;\"><i class=\"socials-item-icon linkedin\" style=\"font-size: 50px\"><\/i><\/a><\/div>[\/vc_column_inner][vc_column_inner width=&#8221;1\/6&#8243; css=&#8221;.vc_custom_1461415552954{padding-top: 20px !important;}&#8221; offset=&#8221;vc_col-xs-6&#8243;]<div class=\"socials socials-list socials-colored-hover socials-rounded socials-alignment-center\"><a class=\"socials-item\" target=\"_blank\" href=\"info@core-scientific.com\" style=\"color: #00bcd4;\"><i class=\"socials-item-icon telegram\" style=\"font-size: 50px\"><\/i><\/a><\/div>[\/vc_column_inner][vc_column_inner width=&#8221;1\/6&#8243; css=&#8221;.vc_custom_1461415567878{padding-top: 20px !important;}&#8221; offset=&#8221;vc_col-xs-6&#8243;][\/vc_column_inner][vc_column_inner width=&#8221;1\/6&#8243; css=&#8221;.vc_custom_1461415573360{padding-top: 20px !important;}&#8221; offset=&#8221;vc_col-xs-6&#8243;][\/vc_column_inner][\/vc_row_inner]<\/div><\/div><\/div>[\/vc_column][\/vc_row]<\/p>\n","protected":false},"excerpt":{"rendered":"<p>[vc_row full_width=&#8221;stretch_row&#8221; disable_element=&#8221;yes&#8221; css=&#8221;.vc_custom_1586206728295{margin-bottom: 0px !important;background-image: url(https:\/\/core-cremationrecycling.com\/wp-content\/uploads\/2018\/11\/2-4.jpg?id=24462) !important;background-position: center !important;background-repeat: no-repeat !important;background-size: cover !important;}&#8221;][vc_column][vc_row_inner disable_element=&#8221;yes&#8221;][vc_column_inner offset=&#8221;vc_col-md-6 vc_col-xs-12&#8243;][vc_column_text css_animation=&#8221;bottom-to-top&#8221;] Over 500&#8230;<\/p>\n","protected":false},"author":2,"featured_media":0,"parent":0,"menu_order":0,"comment_status":"closed","ping_status":"closed","template":"","meta":[],"yst_prominent_words":[112,110,115,111,113,114],"_links":{"self":[{"href":"https:\/\/core-scientific.com\/es\/wp-json\/wp\/v2\/pages\/25299"}],"collection":[{"href":"https:\/\/core-scientific.com\/es\/wp-json\/wp\/v2\/pages"}],"about":[{"href":"https:\/\/core-scientific.com\/es\/wp-json\/wp\/v2\/types\/page"}],"author":[{"embeddable":true,"href":"https:\/\/core-scientific.com\/es\/wp-json\/wp\/v2\/users\/2"}],"replies":[{"embeddable":true,"href":"https:\/\/core-scientific.com\/es\/wp-json\/wp\/v2\/comments?post=25299"}],"version-history":[{"count":7,"href":"https:\/\/core-scientific.com\/es\/wp-json\/wp\/v2\/pages\/25299\/revisions"}],"predecessor-version":[{"id":25813,"href":"https:\/\/core-scientific.com\/es\/wp-json\/wp\/v2\/pages\/25299\/revisions\/25813"}],"wp:attachment":[{"href":"https:\/\/core-scientific.com\/es\/wp-json\/wp\/v2\/media?parent=25299"}],"wp:term":[{"taxonomy":"yst_prominent_words","embeddable":true,"href":"https:\/\/core-scientific.com\/es\/wp-json\/wp\/v2\/yst_prominent_words?post=25299"}],"curies":[{"name":"wp","href":"https:\/\/api.w.org\/{rel}","templated":true}]}}